{"id":946,"date":"2021-07-31T15:18:53","date_gmt":"2021-07-31T15:18:53","guid":{"rendered":"https:\/\/hornsund.igf.edu.pl\/?page_id=946"},"modified":"2022-07-19T11:29:09","modified_gmt":"2022-07-19T11:29:09","slug":"the-stations-history","status":"publish","type":"page","link":"https:\/\/hornsund.igf.edu.pl\/index.php\/en\/the-stations-history\/","title":{"rendered":"The Station&#8217;s history"},"content":{"rendered":"\n<p><strong>The establishment of the Hornsund Polish Polar Station in Spitsbergen<\/strong><\/p>\n\n\n\n<p>The history of the Hornsund Polish Polar Station goes back to the 1950s.<\/p>\n\n\n\n<p>In connection with the upcoming 3rd International Geophysical Year (3rd IGY), the Polish 3rd IGY Committee of the Board of the Polish Academy of Sciences was appointed and led to organising a year-round research expedition to Spitsbergen, whose operations were to be based at the Polish Polar Station built there.<\/p>\n\n\n\n<p>In spring of 1956, Stefan Z. R\u00f3\u017cycki, the manager of the Expedition Subcommittee, and Stanis\u0142aw Siedlecki, designated to be the manager of the Polish expedition, agreed on the location of the Polish station and its framework research programme at the conference of 3rd IGY participants in Oslo.<\/p>\n\n\n\n<p>In August and September 1956, a Reconnaissance Expedition headed by Stanis\u0142aw Siedlecki worked in Hornsund. The expedition consisted of Krzysztof Birkenmajer, Maciej Kuczy\u0144ski, Jerzy Piotrowski and Stanis\u0142aw Rafa\u0142owski. They carried out preliminary geological surveys at the site where the Station was to be built, and determined the exact location of the station building.<\/p>\n\n\n\n<figure class=\"wp-block-image size-full is-resized\"><img loading=\"lazy\" decoding=\"async\" src=\"https:\/\/hornsund.igf.edu.pl\/wp-content\/uploads\/2022\/07\/image-1.png\" alt=\"\" class=\"wp-image-1615\" width=\"352\" height=\"212\" srcset=\"https:\/\/hornsund.igf.edu.pl\/wp-content\/uploads\/2022\/07\/image-1.png 469w, https:\/\/hornsund.igf.edu.pl\/wp-content\/uploads\/2022\/07\/image-1-300x181.png 300w, https:\/\/hornsund.igf.edu.pl\/wp-content\/uploads\/2022\/07\/image-1-24x14.png 24w, https:\/\/hornsund.igf.edu.pl\/wp-content\/uploads\/2022\/07\/image-1-36x22.png 36w, https:\/\/hornsund.igf.edu.pl\/wp-content\/uploads\/2022\/07\/image-1-48x29.png 48w\" sizes=\"auto, (max-width: 352px) 100vw, 352px\" \/><\/figure>\n\n\n\n<p><a href=\"https:\/\/hornsund.igf.edu.pl\/wp-content\/uploads\/2014\/03\/pierwsza-wyprawa.png\"><\/a>After the reconnaissance group returned to Poland, preparatory work commenced on the proper expedition. Siedlecki began assembling the wintering team, which ultimately numbered ten: Stanis\u0142aw Siedlecki (geologist, expedition leader); Roman Trechci\u0144ski (radio engineer, deputy leader), Stanis\u0142aw Baranowski (glaciologist), Tadeusz Makarewicz (meteorologist), Jerzy Jasnorzewski (astronomer, surveyor), Wies\u0142aw Wi\u015bniewski (astronomer), Ryszard Bajer (radio operator), Zbigniew Jaworowski (medical doctor), Zdzis\u0142aw Czeppe (geomorphologist, climatologist) and Maciej Zalewski (expedition administrator, hydrologist).<\/p>\n\n\n\n<p>In addition, the expedition included a large group of employees of various universities\/colleges and institutes who planned to carry out research during the summer, as well as a technical group tasked with building the Station and preparing it for wintering.<\/p>\n\n\n\n<figure class=\"wp-block-image size-full is-resized\"><img loading=\"lazy\" decoding=\"async\" src=\"https:\/\/hornsund.igf.edu.pl\/wp-content\/uploads\/2022\/07\/image-2.png\" alt=\"\" class=\"wp-image-1618\" width=\"352\" height=\"233\" srcset=\"https:\/\/hornsund.igf.edu.pl\/wp-content\/uploads\/2022\/07\/image-2.png 469w, https:\/\/hornsund.igf.edu.pl\/wp-content\/uploads\/2022\/07\/image-2-300x199.png 300w, https:\/\/hornsund.igf.edu.pl\/wp-content\/uploads\/2022\/07\/image-2-24x16.png 24w, https:\/\/hornsund.igf.edu.pl\/wp-content\/uploads\/2022\/07\/image-2-36x24.png 36w, https:\/\/hornsund.igf.edu.pl\/wp-content\/uploads\/2022\/07\/image-2-48x32.png 48w\" sizes=\"auto, (max-width: 352px) 100vw, 352px\" \/><\/figure>\n\n\n\n<p>The Station\u2019s principal building, designed by Jerzy Piotrowski, was modular in structure and consisted of elements prefabricated in Poland. The station was 30 m long and 8 m wide, housed ten single rooms, a large scientific laboratory, a mess hall, a radio room, a kitchen and a bathroom.<\/p>\n\n\n\n<p><a href=\"https:\/\/hornsund.igf.edu.pl\/wp-content\/uploads\/2014\/03\/budowa-stacji.jpg\"><\/a>The electrical system was fed via a set of batteries charged by an internal combustion generator while the water system used a small tank filled with water transported from a nearby lake or melted from snow and ice.<\/p>\n\n\n\n<p>The cornerstone of the Station was laid on 23 July, 1957. In late September, the summer and technical groups returned to Poland while the first Polish wintering expedition began its work in Hornsund. The expedition\u2019s task of implementing the programme of the 3rd IGY was completed in September 1958, and subsequently the Station was handed over to the Governor of Svalbard for management.<\/p>\n\n\n\n<p><a><\/a><strong>Interim period \u2013 seasonal expeditions and Norwegian trappers<\/strong><\/p>\n\n\n\n<p>During the summer seasons of the years 1959, 1960 and 1962, small seasonal expeditions led by Siedlecki worked at the station to continue research initiated by the 1957\/1958 expedition.<\/p>\n\n\n\n<p>For the next five years, the Station stood empty. In the 1967\/1968, 1968\/1969, 1969\/1970 and 1970\/1971 winter seasons, the Station was used by Norwegian trappers as a hunting base. Trappers with their dogs lived and stored their fox and bear pelts there. The Station was not maintained in any way. As a result, the building fell into significant disrepair during these years.<\/p>\n\n\n\n<p>In 1972, the Norwegian authorities established the South Spitsbergen National Park, thus putting an end to hunting in this area.<\/p>\n\n\n\n<p>In 1970-75, the Wroc\u0142aw University cooperated with the PAS Institute of Geophysics to conduct summer research in Spitsbergen. Expedition participants resided at the Station and attempted to restore it to a functional condition. This work, however, was a far cry from the refurbishment that the Station required.<\/p>\n\n\n\n<p><a><\/a><strong>Year-round expeditions begin<\/strong><\/p>\n\n\n\n<p>The year 1978 was a breakthrough year in the history of the Station. As the result of a huge inter-ministerial programme, which made it possible to conduct polar research in the Arctic and Antarctic for many years, an expedition comprising of a wintering group of ten and a 30 or so men-strong scientific and technical summer group left for Spitsbergen. Their job was to refurbish and prepare the Station for wintering in, as well as to restart programs of scientific observations conducted in the 3rd IGY and intermittently over the following years.<\/p>\n\n\n\n<figure class=\"wp-block-image size-full is-resized\"><img loading=\"lazy\" decoding=\"async\" src=\"https:\/\/hornsund.igf.edu.pl\/wp-content\/uploads\/2022\/07\/image-3.png\" alt=\"\" class=\"wp-image-1621\" width=\"352\" height=\"264\" srcset=\"https:\/\/hornsund.igf.edu.pl\/wp-content\/uploads\/2022\/07\/image-3.png 469w, https:\/\/hornsund.igf.edu.pl\/wp-content\/uploads\/2022\/07\/image-3-300x225.png 300w, https:\/\/hornsund.igf.edu.pl\/wp-content\/uploads\/2022\/07\/image-3-24x18.png 24w, https:\/\/hornsund.igf.edu.pl\/wp-content\/uploads\/2022\/07\/image-3-36x27.png 36w, https:\/\/hornsund.igf.edu.pl\/wp-content\/uploads\/2022\/07\/image-3-48x36.png 48w\" sizes=\"auto, (max-width: 352px) 100vw, 352px\" \/><\/figure>\n\n\n\n<p><a href=\"https:\/\/hornsund.igf.edu.pl\/wp-content\/uploads\/2014\/03\/stacja-polarna.jpg\"><\/a>The Station building was upgraded, a new one was erected to house electricity generators and workshops, fuel tanks for the generators were also installed. The Station was also fitted with a new electrical system, as well as plumbing with hot and cold running water. Since that year, the Station has operated continuously.<\/p>\n\n\n\n<p>In the same year, an Independent Polar and Marine Research Lab was created within the PAS Institute of Geophysics, and has been conducting research and thematically supervising the Station ever since as the Polar and Marine Research Department.<\/p>\n\n\n\n<p>In 1979, an extension was built to the old building and called the summer base. It houses dormitories and additional toilets: it was to serve members of scientific groups working at the Station during the summer seasons. Some finishing work on the summer base was only completed in the summer of 1980.<\/p>\n\n\n\n<p><a><\/a><strong>An establishment of international significance<\/strong><\/p>\n\n\n\n<p>The Station witnessed the Polish political\/economic turning point of the 1980s in the form of growing problems with funds for its maintenance, staffing problems, difficulties with ship charters and the related experiments with supplies. However, it survived this difficult period and, at the turn of the centuries, started to develop at a very fast pace.<\/p>\n\n\n\n<p>The 1<sup>st<\/sup> International Glaciological Symposium, which took place at the Station in the spring of 1992, marked the beginning of a boom in scientific cooperation with foreign research centres.<\/p>\n\n\n\n<p>Participation in the upcoming 4<sup>th<\/sup> International Polar Year 2007-2009 brought new means of communication (satellite links, television, Internet), new scientific instruments (including automatic weather stations, ion probes, GPS terminals, a chromatograph and new types of seismic apparatuses), and huge technical changes, such as the construction of a fuel terminal, a new biological sewage treatment plant, an extension to the main Station building, or the replacement of amphibious cargo carriers.<\/p>\n\n\n\n<p>The current equipment, infrastructure and living conditions at the Hornsund Polish Polar Station render it a model European research platform combining the advantages of a logistics base for continuous observations (with wide-ranging field observation capabilities, including the operation of instruments located on remote glaciers) with those of a scientific facility housing several labs.<\/p>\n\n\n\n<figure class=\"wp-block-image size-full is-resized\"><img loading=\"lazy\" decoding=\"async\" src=\"https:\/\/hornsund.igf.edu.pl\/wp-content\/uploads\/2022\/07\/image-4.png\" alt=\"\" class=\"wp-image-1624\" width=\"352\" height=\"235\" srcset=\"https:\/\/hornsund.igf.edu.pl\/wp-content\/uploads\/2022\/07\/image-4.png 469w, https:\/\/hornsund.igf.edu.pl\/wp-content\/uploads\/2022\/07\/image-4-300x200.png 300w, https:\/\/hornsund.igf.edu.pl\/wp-content\/uploads\/2022\/07\/image-4-24x16.png 24w, https:\/\/hornsund.igf.edu.pl\/wp-content\/uploads\/2022\/07\/image-4-36x24.png 36w, https:\/\/hornsund.igf.edu.pl\/wp-content\/uploads\/2022\/07\/image-4-48x32.png 48w\" sizes=\"auto, (max-width: 352px) 100vw, 352px\" \/><\/figure>\n\n\n\n<p><a href=\"https:\/\/hornsund.igf.edu.pl\/wp-content\/uploads\/2014\/03\/stacja-polarna-aktualny.jpg\"><\/a>Traditional research programmes (meteorology, seismology, Earth magnetism) have gradually been supplemented with observations of the ionosphere, atmospheric electricity, UV, as well as perennial permafrost and glaciological monitoring. During the summer seasons, intense geological, geomorphological, oceanographic and biological research is carried out.<\/p>\n\n\n\n<p>Long-term research conducted by Polish scientists in cooperation with well-known foreign centres render the Hornsund Fjord region one of the best identified areas in the European Arctic sector, while the operations and achievements of the Hornsund Polish Polar Station give Polish scientific achievements in polar research great global recognition.<\/p>\n","protected":false},"excerpt":{"rendered":"<p>The establishment of the Hornsund Polish Polar Station in Spitsbergen The history of the Hornsund Polish Polar Station goes back to the 1950s. In connection with the upcoming 3rd International Geophysical Year (3rd IGY), the Polish 3rd IGY Committee of the Board of the Polish Academy of Sciences was appointed and led to organising a [&hellip;]<\/p>\n","protected":false},"author":1,"featured_media":0,"parent":0,"menu_order":0,"comment_status":"closed","ping_status":"closed","template":"","meta":{"footnotes":""},"class_list":["post-946","page","type-page","status-publish","hentry"],"yoast_head":"<!-- This site is optimized with the Yoast SEO plugin v24.9 - https:\/\/yoast.com\/wordpress\/plugins\/seo\/ -->\n<title>The Station&#039;s history - Polish Polar Station Hornsund<\/title>\n<meta name=\"robots\" content=\"index, follow, max-snippet:-1, max-image-preview:large, max-video-preview:-1\" \/>\n<link rel=\"canonical\" href=\"https:\/\/hornsund.igf.edu.pl\/index.php\/en\/the-stations-history\/\" \/>\n<meta property=\"og:locale\" content=\"pl_PL\" \/>\n<meta property=\"og:type\" content=\"article\" \/>\n<meta property=\"og:title\" content=\"The Station&#039;s history - Polish Polar Station Hornsund\" \/>\n<meta property=\"og:description\" content=\"The establishment of the Hornsund Polish Polar Station in Spitsbergen The history of the Hornsund Polish Polar Station goes back to the 1950s. In connection with the upcoming 3rd International Geophysical Year (3rd IGY), the Polish 3rd IGY Committee of the Board of the Polish Academy of Sciences was appointed and led to organising a [&hellip;]\" \/>\n<meta property=\"og:url\" content=\"https:\/\/hornsund.igf.edu.pl\/index.php\/en\/the-stations-history\/\" \/>\n<meta property=\"og:site_name\" content=\"Polish Polar Station Hornsund\" \/>\n<meta property=\"article:modified_time\" content=\"2022-07-19T11:29:09+00:00\" \/>\n<meta property=\"og:image\" content=\"https:\/\/hornsund.igf.edu.pl\/wp-content\/uploads\/2022\/07\/image-1.png\" \/>\n<meta name=\"twitter:card\" content=\"summary_large_image\" \/>\n<meta name=\"twitter:label1\" content=\"Szacowany czas czytania\" \/>\n\t<meta name=\"twitter:data1\" content=\"6 minut\" \/>\n<script type=\"application\/ld+json\" class=\"yoast-schema-graph\">{\"@context\":\"https:\/\/schema.org\",\"@graph\":[{\"@type\":\"WebPage\",\"@id\":\"https:\/\/hornsund.igf.edu.pl\/index.php\/en\/the-stations-history\/\",\"url\":\"https:\/\/hornsund.igf.edu.pl\/index.php\/en\/the-stations-history\/\",\"name\":\"The Station's history - Polish Polar Station Hornsund\",\"isPartOf\":{\"@id\":\"https:\/\/hornsund.igf.edu.pl\/#website\"},\"primaryImageOfPage\":{\"@id\":\"https:\/\/hornsund.igf.edu.pl\/index.php\/en\/the-stations-history\/#primaryimage\"},\"image\":{\"@id\":\"https:\/\/hornsund.igf.edu.pl\/index.php\/en\/the-stations-history\/#primaryimage\"},\"thumbnailUrl\":\"https:\/\/hornsund.igf.edu.pl\/wp-content\/uploads\/2022\/07\/image-1.png\",\"datePublished\":\"2021-07-31T15:18:53+00:00\",\"dateModified\":\"2022-07-19T11:29:09+00:00\",\"breadcrumb\":{\"@id\":\"https:\/\/hornsund.igf.edu.pl\/index.php\/en\/the-stations-history\/#breadcrumb\"},\"inLanguage\":\"pl-PL\",\"potentialAction\":[{\"@type\":\"ReadAction\",\"target\":[\"https:\/\/hornsund.igf.edu.pl\/index.php\/en\/the-stations-history\/\"]}]},{\"@type\":\"ImageObject\",\"inLanguage\":\"pl-PL\",\"@id\":\"https:\/\/hornsund.igf.edu.pl\/index.php\/en\/the-stations-history\/#primaryimage\",\"url\":\"https:\/\/hornsund.igf.edu.pl\/wp-content\/uploads\/2022\/07\/image-1.png\",\"contentUrl\":\"https:\/\/hornsund.igf.edu.pl\/wp-content\/uploads\/2022\/07\/image-1.png\",\"width\":469,\"height\":283},{\"@type\":\"BreadcrumbList\",\"@id\":\"https:\/\/hornsund.igf.edu.pl\/index.php\/en\/the-stations-history\/#breadcrumb\",\"itemListElement\":[{\"@type\":\"ListItem\",\"position\":1,\"name\":\"Strona g\u0142\u00f3wna\",\"item\":\"https:\/\/hornsund.igf.edu.pl\/\"},{\"@type\":\"ListItem\",\"position\":2,\"name\":\"The Station&#8217;s history\"}]},{\"@type\":\"WebSite\",\"@id\":\"https:\/\/hornsund.igf.edu.pl\/#website\",\"url\":\"https:\/\/hornsund.igf.edu.pl\/\",\"name\":\"Polish Polar Station Hornsund\",\"description\":\"Hornsund\",\"publisher\":{\"@id\":\"https:\/\/hornsund.igf.edu.pl\/#organization\"},\"potentialAction\":[{\"@type\":\"SearchAction\",\"target\":{\"@type\":\"EntryPoint\",\"urlTemplate\":\"https:\/\/hornsund.igf.edu.pl\/?s={search_term_string}\"},\"query-input\":{\"@type\":\"PropertyValueSpecification\",\"valueRequired\":true,\"valueName\":\"search_term_string\"}}],\"inLanguage\":\"pl-PL\"},{\"@type\":\"Organization\",\"@id\":\"https:\/\/hornsund.igf.edu.pl\/#organization\",\"name\":\"Polish Polar Station Hornsund\",\"url\":\"https:\/\/hornsund.igf.edu.pl\/\",\"logo\":{\"@type\":\"ImageObject\",\"inLanguage\":\"pl-PL\",\"@id\":\"https:\/\/hornsund.igf.edu.pl\/#\/schema\/logo\/image\/\",\"url\":\"\",\"contentUrl\":\"\",\"caption\":\"Polish Polar Station Hornsund\"},\"image\":{\"@id\":\"https:\/\/hornsund.igf.edu.pl\/#\/schema\/logo\/image\/\"}}]}<\/script>\n<!-- \/ Yoast SEO plugin. -->","yoast_head_json":{"title":"The Station's history - Polish Polar Station Hornsund","robots":{"index":"index","follow":"follow","max-snippet":"max-snippet:-1","max-image-preview":"max-image-preview:large","max-video-preview":"max-video-preview:-1"},"canonical":"https:\/\/hornsund.igf.edu.pl\/index.php\/en\/the-stations-history\/","og_locale":"pl_PL","og_type":"article","og_title":"The Station's history - Polish Polar Station Hornsund","og_description":"The establishment of the Hornsund Polish Polar Station in Spitsbergen The history of the Hornsund Polish Polar Station goes back to the 1950s. In connection with the upcoming 3rd International Geophysical Year (3rd IGY), the Polish 3rd IGY Committee of the Board of the Polish Academy of Sciences was appointed and led to organising a [&hellip;]","og_url":"https:\/\/hornsund.igf.edu.pl\/index.php\/en\/the-stations-history\/","og_site_name":"Polish Polar Station Hornsund","article_modified_time":"2022-07-19T11:29:09+00:00","og_image":[{"url":"https:\/\/hornsund.igf.edu.pl\/wp-content\/uploads\/2022\/07\/image-1.png","type":"","width":"","height":""}],"twitter_card":"summary_large_image","twitter_misc":{"Szacowany czas czytania":"6 minut"},"schema":{"@context":"https:\/\/schema.org","@graph":[{"@type":"WebPage","@id":"https:\/\/hornsund.igf.edu.pl\/index.php\/en\/the-stations-history\/","url":"https:\/\/hornsund.igf.edu.pl\/index.php\/en\/the-stations-history\/","name":"The Station's history - Polish Polar Station Hornsund","isPartOf":{"@id":"https:\/\/hornsund.igf.edu.pl\/#website"},"primaryImageOfPage":{"@id":"https:\/\/hornsund.igf.edu.pl\/index.php\/en\/the-stations-history\/#primaryimage"},"image":{"@id":"https:\/\/hornsund.igf.edu.pl\/index.php\/en\/the-stations-history\/#primaryimage"},"thumbnailUrl":"https:\/\/hornsund.igf.edu.pl\/wp-content\/uploads\/2022\/07\/image-1.png","datePublished":"2021-07-31T15:18:53+00:00","dateModified":"2022-07-19T11:29:09+00:00","breadcrumb":{"@id":"https:\/\/hornsund.igf.edu.pl\/index.php\/en\/the-stations-history\/#breadcrumb"},"inLanguage":"pl-PL","potentialAction":[{"@type":"ReadAction","target":["https:\/\/hornsund.igf.edu.pl\/index.php\/en\/the-stations-history\/"]}]},{"@type":"ImageObject","inLanguage":"pl-PL","@id":"https:\/\/hornsund.igf.edu.pl\/index.php\/en\/the-stations-history\/#primaryimage","url":"https:\/\/hornsund.igf.edu.pl\/wp-content\/uploads\/2022\/07\/image-1.png","contentUrl":"https:\/\/hornsund.igf.edu.pl\/wp-content\/uploads\/2022\/07\/image-1.png","width":469,"height":283},{"@type":"BreadcrumbList","@id":"https:\/\/hornsund.igf.edu.pl\/index.php\/en\/the-stations-history\/#breadcrumb","itemListElement":[{"@type":"ListItem","position":1,"name":"Strona g\u0142\u00f3wna","item":"https:\/\/hornsund.igf.edu.pl\/"},{"@type":"ListItem","position":2,"name":"The Station&#8217;s history"}]},{"@type":"WebSite","@id":"https:\/\/hornsund.igf.edu.pl\/#website","url":"https:\/\/hornsund.igf.edu.pl\/","name":"Polish Polar Station Hornsund","description":"Hornsund","publisher":{"@id":"https:\/\/hornsund.igf.edu.pl\/#organization"},"potentialAction":[{"@type":"SearchAction","target":{"@type":"EntryPoint","urlTemplate":"https:\/\/hornsund.igf.edu.pl\/?s={search_term_string}"},"query-input":{"@type":"PropertyValueSpecification","valueRequired":true,"valueName":"search_term_string"}}],"inLanguage":"pl-PL"},{"@type":"Organization","@id":"https:\/\/hornsund.igf.edu.pl\/#organization","name":"Polish Polar Station Hornsund","url":"https:\/\/hornsund.igf.edu.pl\/","logo":{"@type":"ImageObject","inLanguage":"pl-PL","@id":"https:\/\/hornsund.igf.edu.pl\/#\/schema\/logo\/image\/","url":"","contentUrl":"","caption":"Polish Polar Station Hornsund"},"image":{"@id":"https:\/\/hornsund.igf.edu.pl\/#\/schema\/logo\/image\/"}}]}},"_links":{"self":[{"href":"https:\/\/hornsund.igf.edu.pl\/index.php\/wp-json\/wp\/v2\/pages\/946","targetHints":{"allow":["GET"]}}],"collection":[{"href":"https:\/\/hornsund.igf.edu.pl\/index.php\/wp-json\/wp\/v2\/pages"}],"about":[{"href":"https:\/\/hornsund.igf.edu.pl\/index.php\/wp-json\/wp\/v2\/types\/page"}],"author":[{"embeddable":true,"href":"https:\/\/hornsund.igf.edu.pl\/index.php\/wp-json\/wp\/v2\/users\/1"}],"replies":[{"embeddable":true,"href":"https:\/\/hornsund.igf.edu.pl\/index.php\/wp-json\/wp\/v2\/comments?post=946"}],"version-history":[{"count":3,"href":"https:\/\/hornsund.igf.edu.pl\/index.php\/wp-json\/wp\/v2\/pages\/946\/revisions"}],"predecessor-version":[{"id":1630,"href":"https:\/\/hornsund.igf.edu.pl\/index.php\/wp-json\/wp\/v2\/pages\/946\/revisions\/1630"}],"wp:attachment":[{"href":"https:\/\/hornsund.igf.edu.pl\/index.php\/wp-json\/wp\/v2\/media?parent=946"}],"curies":[{"name":"wp","href":"https:\/\/api.w.org\/{rel}","templated":true}]}}