{"id":745,"date":"2021-07-31T14:09:34","date_gmt":"2021-07-31T14:09:34","guid":{"rendered":"https:\/\/hornsund.igf.edu.pl\/?page_id=745"},"modified":"2024-07-03T13:57:31","modified_gmt":"2024-07-03T12:57:31","slug":"przyroda","status":"publish","type":"page","link":"https:\/\/hornsund.igf.edu.pl\/index.php\/przyroda\/","title":{"rendered":"Przyroda"},"content":{"rendered":"\n<h4 class=\"wp-block-heading\">Warunki klimatyczne na Spitsbergenie<\/h4>\n\n\n\n<figure class=\"wp-block-image size-full\"><img loading=\"lazy\" decoding=\"async\" width=\"300\" height=\"200\" src=\"https:\/\/hornsund.igf.edu.pl\/wp-content\/uploads\/2022\/04\/8-1.jpg\" alt=\"\" class=\"wp-image-1384\" srcset=\"https:\/\/hornsund.igf.edu.pl\/wp-content\/uploads\/2022\/04\/8-1.jpg 300w, https:\/\/hornsund.igf.edu.pl\/wp-content\/uploads\/2022\/04\/8-1-24x16.jpg 24w, https:\/\/hornsund.igf.edu.pl\/wp-content\/uploads\/2022\/04\/8-1-36x24.jpg 36w, https:\/\/hornsund.igf.edu.pl\/wp-content\/uploads\/2022\/04\/8-1-48x32.jpg 48w\" sizes=\"auto, (max-width: 300px) 100vw, 300px\" \/><\/figure>\n\n\n\n<p>fot. Piotr Andryszczak<\/p>\n\n\n\n<p>Klimat Arktyki nie jest przychylny dla ro\u015blin i zwierz\u0105t. Zimy tu s\u0105 d\u0142ugie i mro\u017ane, lata za\u015b kr\u00f3tkie i ch\u0142odne. Wiosna i jesie\u0144 natomiast s\u0105 zaledwie kr\u00f3tkimi okresami przej\u015bciowymi. Ze wzgl\u0119du na po\u0142o\u017cenie geograficzne wyst\u0119puj\u0105ce tu d\u0142ugie okresy ciemno\u015bci podczas nocy polarnej (ok. 3,5 miesi\u0105ca) ograniczaj\u0105 rozw\u00f3j ro\u015blin.<\/p>\n\n\n\n<p>\u017bycie na Spitsbergenie skupia si\u0119 g\u0142\u00f3wnie na granicy morza i l\u0105du. Jedynie 6-7% powierzchni wyspy zajmuj\u0105 formy wegetacji ro\u015blinnej. Ro\u015bliny i zwierz\u0119ta musia\u0142y przystosowa\u0107 si\u0119 do bardzo trudnych i zmiennych warunk\u00f3w bytowych. Ze wzgl\u0119du na odmienny uk\u0142ad pr\u0105d\u00f3w morskich (zimnych i ciep\u0142ych) po wschodniej i zachodniej stronie archipelagu Svalbard, zdecydowanie bogatsza flora i fauna rozwija si\u0119 na wybrze\u017cach zachodnich. Morze na zach\u00f3d od Spitsbergenu jest bardziej produktywne i tworzy baz\u0119 biologiczn\u0105 dla ogromnych kolonii ptak\u00f3w morskich. R\u00f3\u017cnorodno\u015b\u0107 gatunkowa Arktyki jest ma\u0142a, za to nieraz o wielkiej liczbie przedstawicieli.<\/p>\n\n\n\n<p>Wieloletnia zmarzlina, charakterystyczna dla tego obszaru, si\u0119ga kilkaset metr\u00f3w w g\u0142\u0105b ziemi, latem za\u015b rozmarza powierzchniowo do ok. 1-2 m. Wskutek s\u0142abego odp\u0142ywu w\u00f3d z tej warstwy, zwanej czynn\u0105, tworz\u0105 si\u0119 rozlewiska, a teren ma charakter bagnisty.<\/p>\n\n\n\n<p>Arktyczna przyroda jest niezwykle wra\u017cliwa, a odnowa \u017cycia bardzo powolna. Niskie temperatury powoduj\u0105, \u017ce procesy \u017cyciowe oraz rozk\u0142ad zanieczyszcze\u0144 przebiegaj\u0105 powoli. Do tej pory mo\u017cna ogl\u0105da\u0107 \u015blady i koleiny zostawione przez samochody terenowe ponad 40 lat temu!<\/p>\n\n\n\n<h4 class=\"wp-block-heading\"><a><\/a>Flora na Spitsbergenie<\/h4>\n\n\n\n<figure class=\"wp-block-image size-full\"><img loading=\"lazy\" decoding=\"async\" width=\"300\" height=\"200\" src=\"https:\/\/hornsund.igf.edu.pl\/wp-content\/uploads\/2022\/04\/9.png\" alt=\"\" class=\"wp-image-1387\" srcset=\"https:\/\/hornsund.igf.edu.pl\/wp-content\/uploads\/2022\/04\/9.png 300w, https:\/\/hornsund.igf.edu.pl\/wp-content\/uploads\/2022\/04\/9-24x16.png 24w, https:\/\/hornsund.igf.edu.pl\/wp-content\/uploads\/2022\/04\/9-36x24.png 36w, https:\/\/hornsund.igf.edu.pl\/wp-content\/uploads\/2022\/04\/9-48x32.png 48w\" sizes=\"auto, (max-width: 300px) 100vw, 300px\" \/><\/figure>\n\n\n\n<p>fot. Piotr Andryszczak<\/p>\n\n\n\n<p>Podczas kr\u00f3tkiego polarnego lata sw\u00f3j cykl rozwojowy odbywaj\u0105 glony, porosty, mszaki i grzyby oraz ro\u015bliny kwiatowe. Ich kwiaty s\u0105 drobne, p\u0119dy kr\u00f3tkie a li\u015bcie ma\u0142e. Pas wybrze\u017cy, zbocza g\u00f3rskie od strony morza oraz niekt\u00f3re doliny porasta niskopienna tundra. Nie wyst\u0119puj\u0105 tu drzewa i krzewy, a kar\u0142owate wierzby polarne maj\u0105 posta\u0107 krzewinek nie przekraczaj\u0105cych kilku centymetr\u00f3w wysoko\u015bci.<\/p>\n\n\n\n<p>Ze wzgl\u0119du na ograniczon\u0105 ilo\u015b\u0107 owad\u00f3w, ro\u015bliny kwiatowe s\u0105 wiatropylne, czemu sprzyjaj\u0105 cz\u0119ste i silne wiatry, przenosz\u0105ce r\u00f3wnie\u017c na du\u017ce odleg\u0142o\u015bci nasiona i zarodniki.<\/p>\n\n\n\n<p>Porosty i mchy naskalne tworz\u0105 barwne plamy na kamieniach, natomiast tam gdzie wytworzy\u0142a si\u0119 gleba, wyst\u0119puj\u0105 latem kolorowe dywany kwiat\u00f3w i mch\u00f3w. Zwarte skupiska ro\u015blinno\u015bci pojawiaj\u0105 si\u0119 na stokach, na kt\u00f3rych gniazduj\u0105 dostarczaj\u0105ce nawozu ptaki.<\/p>\n\n\n\n<h4 class=\"wp-block-heading\"><a><\/a>Fauna na Spitsbergenie<\/h4>\n\n\n\n<h5 class=\"wp-block-heading\"><strong>Ptaki<\/strong><\/h5>\n\n\n\n<p>Wi\u0119kszo\u015b\u0107 gatunk\u00f3w ptak\u00f3w \u017ceruje w morzu, a rozmna\u017ca si\u0119 na l\u0105dzie. Zwykle przylatuj\u0105 tu na okres l\u0119gowy, wychowuj\u0105 potomstwo i odlatuj\u0105 na po\u0142udnie przed nastaniem zimy (na zim\u0119 zostaje jedynie pardwa g\u00f3rska). Na Spitsbergenie wyst\u0119puje 109 gatunk\u00f3w ptak\u00f3w, z kt\u00f3rych 15 l\u0119gnie si\u0119 regularnie. Inne l\u0119gn\u0105 si\u0119 sporadycznie lub przylatuj\u0105 przypadkowo.<\/p>\n\n\n\n<figure class=\"wp-block-image size-full\"><img loading=\"lazy\" decoding=\"async\" width=\"300\" height=\"200\" src=\"https:\/\/hornsund.igf.edu.pl\/wp-content\/uploads\/2022\/04\/10.png\" alt=\"\" class=\"wp-image-1390\" srcset=\"https:\/\/hornsund.igf.edu.pl\/wp-content\/uploads\/2022\/04\/10.png 300w, https:\/\/hornsund.igf.edu.pl\/wp-content\/uploads\/2022\/04\/10-24x16.png 24w, https:\/\/hornsund.igf.edu.pl\/wp-content\/uploads\/2022\/04\/10-36x24.png 36w, https:\/\/hornsund.igf.edu.pl\/wp-content\/uploads\/2022\/04\/10-48x32.png 48w\" sizes=\"auto, (max-width: 300px) 100vw, 300px\" \/><\/figure>\n\n\n\n<p>fot. Piotr Andryszczak<\/p>\n\n\n\n<p>Pierwsze ptaki (fulmary) pojawiaj\u0105 si\u0119 nad otwartym morzem ju\u017c pod koniec stycznia. W marcu i kwietniu przylatuj\u0105 ptaki zak\u0142adaj\u0105ce gniazda na stokach g\u00f3r i klifach, natomiast gniazduj\u0105ce na tundrze p\u00f3\u017aniej \u2013 w maju i czerwcu.<\/p>\n\n\n\n<p>Nadej\u015bcie wiosny zwiastuje \u015bpiew \u015bniegu\u0142y, przypominaj\u0105cy \u015bpiew skowronka. Skojarzenie to jest tym bardziej zaskakuj\u0105ce, \u017ce \u015bniegu\u0142y zaczynaj\u0105 \u015bpiewa\u0107 w kwietniu, kiedy w Arktyce panuj\u0105 jeszcze warunki zimowe. Niekt\u00f3re gatunki ptak\u00f3w, jak nurniki bia\u0142oskrzyd\u0142e i fulmary, zimuj\u0105 na kraw\u0119dzi lodu morskiego, dlatego te\u017c zdarza si\u0119, \u017ce na Spitsbergenie pojawiaj\u0105 si\u0119 nawet podczas nocy polarnej.<\/p>\n\n\n\n<p>Wszystkie najliczniejsze gatunki gniazduj\u0105 kolonijnie na stromych \u015bcianach skalnych (mewa tr\u00f3jpalczasta, nurzyk polarny, fulmar) i \u0142agodnych, pokrytych rumoszem skalnym zboczach g\u00f3r (alczyk, in. traczyk lodowy).<\/p>\n\n\n\n<p>Ptaki gniazduj\u0105ce na p\u0142askiej tundrze (wydrzyki, biegus morski) s\u0105 bardziej zagro\u017cone przez drapie\u017cniki (lisy polarne), dlatego te\u017c gniazduj\u0105 raczej pojedynczo i stosuj\u0105 taktyki obronne \u2013 odci\u0105gaj\u0105 agresora od gniazda, udaj\u0105c chore lub p\u0142osz\u0105 go atakami z powietrza. Rybitwa popielata mo\u017ce zrani\u0107 ostrym dziobem tak\u017ce cz\u0142owieka.<\/p>\n\n\n\n<p>Najwi\u0119kszym ptasim drapie\u017cnikiem jest mewa blada, kt\u00f3ra poluje na alczyki, ryby, wykrada jaja i piskl\u0119ta z gniazd, nie gardzi padlin\u0105 i innymi szcz\u0105tkami organicznymi.<\/p>\n\n\n\n<p>Populacje gniazduj\u0105cych ptak\u00f3w s\u0105 niezwykle liczne, w przypadku najliczniejszych alczyk\u00f3w si\u0119gaj\u0105 rz\u0119du dw\u00f3ch milion\u00f3w.<\/p>\n\n\n\n<p>Ptaki s\u0105 pod ochron\u0105, a ich miejsca wyl\u0119g\u00f3w ustanowiono ptasimi sanktuariami, do kt\u00f3rych wst\u0119p w okresie l\u0119gowym jest zabroniony.<\/p>\n\n\n\n<h5 class=\"wp-block-heading\"><strong>Ssaki morskie<\/strong><\/h5>\n\n\n\n<p>Najliczniejszym ssakiem morskim w Hornsundzie s\u0105 rybo\u017cerne foki obr\u0105czkowane, kt\u00f3rych rozr\u00f3d uzale\u017cniony jest od obecno\u015bci trwa\u0142ej pokrywy zimowego lodu ze \u015bniegiem. W latach, gdy lodu w fiordzie jest mniej, nie znajduj\u0105 miejsc do rozrodu i przenosz\u0105 si\u0119 gdzie indziej. Mo\u017cna te\u017c tutaj zaobserwowa\u0107 inne gatunki fok \u2013 brodat\u0105, zwyczajn\u0105, szar\u0105, kapturow\u0105 oraz grenlandzk\u0105.<\/p>\n\n\n\n<p>W wodach Spitsbergenu mo\u017cna spotka\u0107 r\u00f3wnie\u017c morsy czy wale bia\u0142e, tzw. bie\u0142uchy. Sporadycznie pojawiaj\u0105 si\u0119 trzy gatunki delfin\u00f3w, walenie kar\u0142owate, orki i kaszaloty.<\/p>\n\n\n\n<p>Ssakiem morsko-l\u0105dowym jest nied\u017awied\u017a polarny, najwi\u0119kszy drapie\u017cnik na Ziemi. Mo\u017cna go spotka\u0107 w strefie przybrze\u017cnej lub na otwartym morzu, gdzie poluje na foki, kt\u00f3re s\u0105 jego g\u0142\u00f3wnym po\u017cywieniem. Do przemieszczania si\u0119 wykorzystuje dryfuj\u0105cy l\u00f3d morski. Populacj\u0119 tego zwierz\u0119cia na Svalbardzie szacuje si\u0119 na ok. 3000 osobnik\u00f3w, a od 1973 roku nied\u017awied\u017a polarny jest gatunkiem prawnie chronionym na tym terenie.<\/p>\n\n\n\n<h5 class=\"wp-block-heading\"><strong>Ryby<\/strong><\/h5>\n\n\n\n<p>W Hornsundzie mo\u017cna znale\u017a\u0107 ponad 30 gatunk\u00f3w ryb, jednak spora ich cz\u0119\u015b\u0107 to niewielkie gatunki, \u017cyj\u0105ce na wi\u0119kszych g\u0142\u0119boko\u015bciach. Najwa\u017cniejszym i najliczniejszym gatunkiem jest 20-centymetrowy dorszyk polarny, kt\u00f3ry stanowi podstaw\u0119 pokarmu fok i ptak\u00f3w rybo\u017cernych Arktyki. W zaro\u015blach laminarii spotyka si\u0119 trzy gatunki ma\u0142ych ryb z rodziny g\u0142owaczowatych (popularne diab\u0142y morskie), a w strefie p\u0142yw\u00f3w mo\u017cna pod kamieniami znale\u017a\u0107 kilkucentymetrowe g\u0142owiki trzymaj\u0105ce si\u0119 brzuszn\u0105 przyssawk\u0105 kamieni. Na wiosn\u0119 pojawiaj\u0105 si\u0119 w fiordach dwumetrowe rekiny polarne, ale widuje si\u0119 je rzadko, poniewa\u017c wyst\u0119puj\u0105 na du\u017cej g\u0142\u0119boko\u015bci.<\/p>\n\n\n\n<p>W s\u0142odkich wodach Spitsbergenu mo\u017cna spotka\u0107 r\u00f3wnie\u017c \u0142ososie wp\u0142ywaj\u0105ce tu na okres tar\u0142a.<\/p>\n\n\n\n<h5 class=\"wp-block-heading\"><strong>Bentos (organizmy \u017cyj\u0105ce na dnie morza)<\/strong><\/h5>\n\n\n\n<p>Fauna denna liczy w Hornsundzie oko\u0142o 600 gatunk\u00f3w i zdominowana jest przez skorupiaki (102 gatunki), wieloszczety (69 gatunk\u00f3w) i mi\u0119czaki (52 gatunki). Biomasa bentosu waha si\u0119 od 10 g w zatokach przylodowcowych do 200 g mokrej masy na m2 w zewn\u0119trznej cz\u0119\u015bci fiordu. W wodach p\u0142ytkich zaro\u015bla laminarii mog\u0105 osi\u0105ga\u0107 mas\u0119 wielu kg na m2.<\/p>\n\n\n\n<p>Strefa p\u0142ywowa szkier\u00f3w zasiedlona jest przez bogate zbiorowiska zwierz\u0105t zwi\u0105zanych z morszczynem i p\u0105klami. Du\u017ce glony przytwierdzone do dna (tzw. makrofity) licz\u0105 w Hornsundzie ponad 43 gatunki, jest w\u015br\u00f3d nich jadalna \u201emorska kapusta\u201d (<em>Alaria esculenta<\/em>). W\u015br\u00f3d spitsberge\u0144skich fiord\u00f3w po zachodniej stronie wyspy, Hornsund ma najwi\u0119kszy udzia\u0142 fauny arktycznej, szczeg\u00f3lnie w wewn\u0119trznej cz\u0119\u015bci. Otwarte wybrze\u017ce zdominowane jest przez nap\u0142ywowe ciep\u0142olubne gatunki atlantyckie.<\/p>\n\n\n\n<h5 class=\"wp-block-heading\"><strong>Plankton (drobne organizmy unosz\u0105ce si\u0119 w wodzie)<\/strong><\/h5>\n\n\n\n<p>W Hornsundzie zakwit planktonu ro\u015blinnego rozpoczyna si\u0119 pod koniec kwietnia i trwa do ko\u0144ca maja, produkcja pierwotna osi\u0105ga 120 g w\u0119gla na m2 na rok. Fitoplankton zdominowany jest przez okrzemki, bruzdnice, z\u0142otowiciowce (razem oko\u0142o 150 gatunk\u00f3w). Plankton zwierz\u0119cy liczy oko\u0142o 60 gatunk\u00f3w. Dominuj\u0105 w nim wid\u0142onogi (rodzaj <em>Calanus<\/em> i <em>Pseudocalanus<\/em>).<\/p>\n\n\n\n<h5 class=\"wp-block-heading\"><strong>Ssaki l\u0105dowe<\/strong><\/h5>\n\n\n\n<p>Reprezentuj\u0105 je tylko dwa gatunki: renifer oraz lis polarny (in. piesiec).<\/p>\n\n\n\n<figure class=\"wp-block-image size-full\"><img loading=\"lazy\" decoding=\"async\" width=\"300\" height=\"200\" src=\"https:\/\/hornsund.igf.edu.pl\/wp-content\/uploads\/2022\/04\/11.png\" alt=\"\" class=\"wp-image-1396\" srcset=\"https:\/\/hornsund.igf.edu.pl\/wp-content\/uploads\/2022\/04\/11.png 300w, https:\/\/hornsund.igf.edu.pl\/wp-content\/uploads\/2022\/04\/11-24x16.png 24w, https:\/\/hornsund.igf.edu.pl\/wp-content\/uploads\/2022\/04\/11-36x24.png 36w, https:\/\/hornsund.igf.edu.pl\/wp-content\/uploads\/2022\/04\/11-48x32.png 48w\" sizes=\"auto, (max-width: 300px) 100vw, 300px\" \/><\/figure>\n\n\n\n<p>fot. Piotr Andryszczak<\/p>\n\n\n\n<p>Podgatunek renifera \u017cyj\u0105cego na Spitsbergenie r\u00f3\u017cni si\u0119 od renifer\u00f3w i karibu w Skandynawii, Ameryce P\u00f3\u0142nocnej i Azji. Reny spitsberge\u0144skie s\u0105 bardziej kr\u0119pe, nogi maj\u0105 kr\u00f3tsze. Ubarwienie bia\u0142awe z szarymi i be\u017cowymi plamami, zim\u0105 bia\u0142e. \u017byj\u0105 do 20 lat. Samce i samice maj\u0105 poro\u017ce, kt\u00f3re gubi\u0105 wczesn\u0105 zim\u0105, nowe odrasta im na wiosn\u0119. Renifery przemierzaj\u0105 lodowce, g\u00f3rskie prze\u0142\u0119cze i dobrze p\u0142ywaj\u0105. Ich pokarmem s\u0105 g\u0142\u00f3wnie porosty.<\/p>\n\n\n\n<p>Lis polarny najcz\u0119\u015bciej wyst\u0119puje w ubarwieniu letnim br\u0105zowo-szarym, a zim\u0105 \u015bnie\u017cnobia\u0142ym, cho\u0107 spotyka si\u0119 te\u017c lisy czarne przez ca\u0142y rok. \u017bywi si\u0119 ptakami (szczeg\u00f3lnie ich piskl\u0119tami), jajami, rybami i padlin\u0105. Nory l\u0119gowe kopie w ziemi, na zboczach, pomi\u0119dzy kamieniami. \u017byje 12-14 lat. Lisy mo\u017cna spotka\u0107 zar\u00f3wno nad morzem, w dolinach, jak i wysoko na grzbietach g\u00f3rskich. S\u0105 to zwierz\u0119ta terytorialne. Przez zim\u0119 do wiosny cz\u0119sto pod\u0105\u017caj\u0105 za nied\u017awiedziami polarnymi, licz\u0105c na pozosta\u0142o\u015bci z ich zdobyczy.<\/p>\n","protected":false},"excerpt":{"rendered":"<p>Warunki klimatyczne na Spitsbergenie fot. Piotr Andryszczak Klimat Arktyki nie jest przychylny dla ro\u015blin i zwierz\u0105t. Zimy tu s\u0105 d\u0142ugie i mro\u017ane, lata za\u015b kr\u00f3tkie i ch\u0142odne. Wiosna i jesie\u0144 natomiast s\u0105 zaledwie kr\u00f3tkimi okresami przej\u015bciowymi. Ze wzgl\u0119du na po\u0142o\u017cenie geograficzne wyst\u0119puj\u0105ce tu d\u0142ugie okresy ciemno\u015bci podczas nocy polarnej (ok. 3,5 miesi\u0105ca) ograniczaj\u0105 rozw\u00f3j ro\u015blin. [&hellip;]<\/p>\n","protected":false},"author":1,"featured_media":0,"parent":0,"menu_order":0,"comment_status":"closed","ping_status":"closed","template":"","meta":{"footnotes":""},"class_list":["post-745","page","type-page","status-publish","hentry"],"yoast_head":"<!-- This site is optimized with the Yoast SEO plugin v24.9 - https:\/\/yoast.com\/wordpress\/plugins\/seo\/ -->\n<title>Przyroda - Polish Polar Station Hornsund<\/title>\n<meta name=\"description\" content=\"Klimat Arktyki nie jest przychylny dla ro\u015blin i zwierz\u0105t. Zimy tu s\u0105 d\u0142ugie i mro\u017ane, lata za\u015b kr\u00f3tkie i ch\u0142odne. Wiosna i jesie\u0144 natomiast s\u0105 zaledwie kr\u00f3tkimi okresami przej\u015bciowymi. Ze wzgl\u0119du na po\u0142o\u017cenie geograficzne wyst\u0119puj\u0105ce tu d\u0142ugie okresy ciemno\u015bci podczas nocy polarnej (ok. 3,5 miesi\u0105ca) ograniczaj\u0105 rozw\u00f3j ro\u015blin.\" \/>\n<meta name=\"robots\" content=\"index, follow, max-snippet:-1, max-image-preview:large, max-video-preview:-1\" \/>\n<link rel=\"canonical\" href=\"https:\/\/hornsund.igf.edu.pl\/index.php\/przyroda\/\" \/>\n<meta property=\"og:locale\" content=\"pl_PL\" \/>\n<meta property=\"og:type\" content=\"article\" \/>\n<meta property=\"og:title\" content=\"Przyroda - Polish Polar Station Hornsund\" \/>\n<meta property=\"og:description\" content=\"Klimat Arktyki nie jest przychylny dla ro\u015blin i zwierz\u0105t. Zimy tu s\u0105 d\u0142ugie i mro\u017ane, lata za\u015b kr\u00f3tkie i ch\u0142odne. Wiosna i jesie\u0144 natomiast s\u0105 zaledwie kr\u00f3tkimi okresami przej\u015bciowymi. Ze wzgl\u0119du na po\u0142o\u017cenie geograficzne wyst\u0119puj\u0105ce tu d\u0142ugie okresy ciemno\u015bci podczas nocy polarnej (ok. 3,5 miesi\u0105ca) ograniczaj\u0105 rozw\u00f3j ro\u015blin.\" \/>\n<meta property=\"og:url\" content=\"https:\/\/hornsund.igf.edu.pl\/index.php\/przyroda\/\" \/>\n<meta property=\"og:site_name\" content=\"Polish Polar Station Hornsund\" \/>\n<meta property=\"article:modified_time\" content=\"2024-07-03T12:57:31+00:00\" \/>\n<meta property=\"og:image\" content=\"https:\/\/hornsund.igf.edu.pl\/wp-content\/uploads\/2022\/04\/8-1.jpg\" \/>\n<meta name=\"twitter:card\" content=\"summary_large_image\" \/>\n<meta name=\"twitter:label1\" content=\"Szacowany czas czytania\" \/>\n\t<meta name=\"twitter:data1\" content=\"8 minut\" \/>\n<script type=\"application\/ld+json\" class=\"yoast-schema-graph\">{\"@context\":\"https:\/\/schema.org\",\"@graph\":[{\"@type\":\"WebPage\",\"@id\":\"https:\/\/hornsund.igf.edu.pl\/index.php\/przyroda\/\",\"url\":\"https:\/\/hornsund.igf.edu.pl\/index.php\/przyroda\/\",\"name\":\"Przyroda - Polish Polar Station Hornsund\",\"isPartOf\":{\"@id\":\"https:\/\/hornsund.igf.edu.pl\/#website\"},\"primaryImageOfPage\":{\"@id\":\"https:\/\/hornsund.igf.edu.pl\/index.php\/przyroda\/#primaryimage\"},\"image\":{\"@id\":\"https:\/\/hornsund.igf.edu.pl\/index.php\/przyroda\/#primaryimage\"},\"thumbnailUrl\":\"https:\/\/hornsund.igf.edu.pl\/wp-content\/uploads\/2022\/04\/8-1.jpg\",\"datePublished\":\"2021-07-31T14:09:34+00:00\",\"dateModified\":\"2024-07-03T12:57:31+00:00\",\"description\":\"Klimat Arktyki nie jest przychylny dla ro\u015blin i zwierz\u0105t. Zimy tu s\u0105 d\u0142ugie i mro\u017ane, lata za\u015b kr\u00f3tkie i ch\u0142odne. Wiosna i jesie\u0144 natomiast s\u0105 zaledwie kr\u00f3tkimi okresami przej\u015bciowymi. Ze wzgl\u0119du na po\u0142o\u017cenie geograficzne wyst\u0119puj\u0105ce tu d\u0142ugie okresy ciemno\u015bci podczas nocy polarnej (ok. 3,5 miesi\u0105ca) ograniczaj\u0105 rozw\u00f3j ro\u015blin.\",\"breadcrumb\":{\"@id\":\"https:\/\/hornsund.igf.edu.pl\/index.php\/przyroda\/#breadcrumb\"},\"inLanguage\":\"pl-PL\",\"potentialAction\":[{\"@type\":\"ReadAction\",\"target\":[\"https:\/\/hornsund.igf.edu.pl\/index.php\/przyroda\/\"]}]},{\"@type\":\"ImageObject\",\"inLanguage\":\"pl-PL\",\"@id\":\"https:\/\/hornsund.igf.edu.pl\/index.php\/przyroda\/#primaryimage\",\"url\":\"https:\/\/hornsund.igf.edu.pl\/wp-content\/uploads\/2022\/04\/8-1.jpg\",\"contentUrl\":\"https:\/\/hornsund.igf.edu.pl\/wp-content\/uploads\/2022\/04\/8-1.jpg\",\"width\":300,\"height\":200},{\"@type\":\"BreadcrumbList\",\"@id\":\"https:\/\/hornsund.igf.edu.pl\/index.php\/przyroda\/#breadcrumb\",\"itemListElement\":[{\"@type\":\"ListItem\",\"position\":1,\"name\":\"Strona g\u0142\u00f3wna\",\"item\":\"https:\/\/hornsund.igf.edu.pl\/\"},{\"@type\":\"ListItem\",\"position\":2,\"name\":\"Przyroda\"}]},{\"@type\":\"WebSite\",\"@id\":\"https:\/\/hornsund.igf.edu.pl\/#website\",\"url\":\"https:\/\/hornsund.igf.edu.pl\/\",\"name\":\"Polish Polar Station Hornsund\",\"description\":\"Hornsund\",\"publisher\":{\"@id\":\"https:\/\/hornsund.igf.edu.pl\/#organization\"},\"potentialAction\":[{\"@type\":\"SearchAction\",\"target\":{\"@type\":\"EntryPoint\",\"urlTemplate\":\"https:\/\/hornsund.igf.edu.pl\/?s={search_term_string}\"},\"query-input\":{\"@type\":\"PropertyValueSpecification\",\"valueRequired\":true,\"valueName\":\"search_term_string\"}}],\"inLanguage\":\"pl-PL\"},{\"@type\":\"Organization\",\"@id\":\"https:\/\/hornsund.igf.edu.pl\/#organization\",\"name\":\"Polish Polar Station Hornsund\",\"url\":\"https:\/\/hornsund.igf.edu.pl\/\",\"logo\":{\"@type\":\"ImageObject\",\"inLanguage\":\"pl-PL\",\"@id\":\"https:\/\/hornsund.igf.edu.pl\/#\/schema\/logo\/image\/\",\"url\":\"\",\"contentUrl\":\"\",\"caption\":\"Polish Polar Station Hornsund\"},\"image\":{\"@id\":\"https:\/\/hornsund.igf.edu.pl\/#\/schema\/logo\/image\/\"}}]}<\/script>\n<!-- \/ Yoast SEO plugin. -->","yoast_head_json":{"title":"Przyroda - Polish Polar Station Hornsund","description":"Klimat Arktyki nie jest przychylny dla ro\u015blin i zwierz\u0105t. Zimy tu s\u0105 d\u0142ugie i mro\u017ane, lata za\u015b kr\u00f3tkie i ch\u0142odne. Wiosna i jesie\u0144 natomiast s\u0105 zaledwie kr\u00f3tkimi okresami przej\u015bciowymi. Ze wzgl\u0119du na po\u0142o\u017cenie geograficzne wyst\u0119puj\u0105ce tu d\u0142ugie okresy ciemno\u015bci podczas nocy polarnej (ok. 3,5 miesi\u0105ca) ograniczaj\u0105 rozw\u00f3j ro\u015blin.","robots":{"index":"index","follow":"follow","max-snippet":"max-snippet:-1","max-image-preview":"max-image-preview:large","max-video-preview":"max-video-preview:-1"},"canonical":"https:\/\/hornsund.igf.edu.pl\/index.php\/przyroda\/","og_locale":"pl_PL","og_type":"article","og_title":"Przyroda - Polish Polar Station Hornsund","og_description":"Klimat Arktyki nie jest przychylny dla ro\u015blin i zwierz\u0105t. Zimy tu s\u0105 d\u0142ugie i mro\u017ane, lata za\u015b kr\u00f3tkie i ch\u0142odne. Wiosna i jesie\u0144 natomiast s\u0105 zaledwie kr\u00f3tkimi okresami przej\u015bciowymi. Ze wzgl\u0119du na po\u0142o\u017cenie geograficzne wyst\u0119puj\u0105ce tu d\u0142ugie okresy ciemno\u015bci podczas nocy polarnej (ok. 3,5 miesi\u0105ca) ograniczaj\u0105 rozw\u00f3j ro\u015blin.","og_url":"https:\/\/hornsund.igf.edu.pl\/index.php\/przyroda\/","og_site_name":"Polish Polar Station Hornsund","article_modified_time":"2024-07-03T12:57:31+00:00","og_image":[{"url":"https:\/\/hornsund.igf.edu.pl\/wp-content\/uploads\/2022\/04\/8-1.jpg","type":"","width":"","height":""}],"twitter_card":"summary_large_image","twitter_misc":{"Szacowany czas czytania":"8 minut"},"schema":{"@context":"https:\/\/schema.org","@graph":[{"@type":"WebPage","@id":"https:\/\/hornsund.igf.edu.pl\/index.php\/przyroda\/","url":"https:\/\/hornsund.igf.edu.pl\/index.php\/przyroda\/","name":"Przyroda - Polish Polar Station Hornsund","isPartOf":{"@id":"https:\/\/hornsund.igf.edu.pl\/#website"},"primaryImageOfPage":{"@id":"https:\/\/hornsund.igf.edu.pl\/index.php\/przyroda\/#primaryimage"},"image":{"@id":"https:\/\/hornsund.igf.edu.pl\/index.php\/przyroda\/#primaryimage"},"thumbnailUrl":"https:\/\/hornsund.igf.edu.pl\/wp-content\/uploads\/2022\/04\/8-1.jpg","datePublished":"2021-07-31T14:09:34+00:00","dateModified":"2024-07-03T12:57:31+00:00","description":"Klimat Arktyki nie jest przychylny dla ro\u015blin i zwierz\u0105t. Zimy tu s\u0105 d\u0142ugie i mro\u017ane, lata za\u015b kr\u00f3tkie i ch\u0142odne. Wiosna i jesie\u0144 natomiast s\u0105 zaledwie kr\u00f3tkimi okresami przej\u015bciowymi. Ze wzgl\u0119du na po\u0142o\u017cenie geograficzne wyst\u0119puj\u0105ce tu d\u0142ugie okresy ciemno\u015bci podczas nocy polarnej (ok. 3,5 miesi\u0105ca) ograniczaj\u0105 rozw\u00f3j ro\u015blin.","breadcrumb":{"@id":"https:\/\/hornsund.igf.edu.pl\/index.php\/przyroda\/#breadcrumb"},"inLanguage":"pl-PL","potentialAction":[{"@type":"ReadAction","target":["https:\/\/hornsund.igf.edu.pl\/index.php\/przyroda\/"]}]},{"@type":"ImageObject","inLanguage":"pl-PL","@id":"https:\/\/hornsund.igf.edu.pl\/index.php\/przyroda\/#primaryimage","url":"https:\/\/hornsund.igf.edu.pl\/wp-content\/uploads\/2022\/04\/8-1.jpg","contentUrl":"https:\/\/hornsund.igf.edu.pl\/wp-content\/uploads\/2022\/04\/8-1.jpg","width":300,"height":200},{"@type":"BreadcrumbList","@id":"https:\/\/hornsund.igf.edu.pl\/index.php\/przyroda\/#breadcrumb","itemListElement":[{"@type":"ListItem","position":1,"name":"Strona g\u0142\u00f3wna","item":"https:\/\/hornsund.igf.edu.pl\/"},{"@type":"ListItem","position":2,"name":"Przyroda"}]},{"@type":"WebSite","@id":"https:\/\/hornsund.igf.edu.pl\/#website","url":"https:\/\/hornsund.igf.edu.pl\/","name":"Polish Polar Station Hornsund","description":"Hornsund","publisher":{"@id":"https:\/\/hornsund.igf.edu.pl\/#organization"},"potentialAction":[{"@type":"SearchAction","target":{"@type":"EntryPoint","urlTemplate":"https:\/\/hornsund.igf.edu.pl\/?s={search_term_string}"},"query-input":{"@type":"PropertyValueSpecification","valueRequired":true,"valueName":"search_term_string"}}],"inLanguage":"pl-PL"},{"@type":"Organization","@id":"https:\/\/hornsund.igf.edu.pl\/#organization","name":"Polish Polar Station Hornsund","url":"https:\/\/hornsund.igf.edu.pl\/","logo":{"@type":"ImageObject","inLanguage":"pl-PL","@id":"https:\/\/hornsund.igf.edu.pl\/#\/schema\/logo\/image\/","url":"","contentUrl":"","caption":"Polish Polar Station Hornsund"},"image":{"@id":"https:\/\/hornsund.igf.edu.pl\/#\/schema\/logo\/image\/"}}]}},"_links":{"self":[{"href":"https:\/\/hornsund.igf.edu.pl\/index.php\/wp-json\/wp\/v2\/pages\/745","targetHints":{"allow":["GET"]}}],"collection":[{"href":"https:\/\/hornsund.igf.edu.pl\/index.php\/wp-json\/wp\/v2\/pages"}],"about":[{"href":"https:\/\/hornsund.igf.edu.pl\/index.php\/wp-json\/wp\/v2\/types\/page"}],"author":[{"embeddable":true,"href":"https:\/\/hornsund.igf.edu.pl\/index.php\/wp-json\/wp\/v2\/users\/1"}],"replies":[{"embeddable":true,"href":"https:\/\/hornsund.igf.edu.pl\/index.php\/wp-json\/wp\/v2\/comments?post=745"}],"version-history":[{"count":2,"href":"https:\/\/hornsund.igf.edu.pl\/index.php\/wp-json\/wp\/v2\/pages\/745\/revisions"}],"predecessor-version":[{"id":1399,"href":"https:\/\/hornsund.igf.edu.pl\/index.php\/wp-json\/wp\/v2\/pages\/745\/revisions\/1399"}],"wp:attachment":[{"href":"https:\/\/hornsund.igf.edu.pl\/index.php\/wp-json\/wp\/v2\/media?parent=745"}],"curies":[{"name":"wp","href":"https:\/\/api.w.org\/{rel}","templated":true}]}}