{"id":736,"date":"2021-07-31T14:09:24","date_gmt":"2021-07-31T14:09:24","guid":{"rendered":"https:\/\/hornsund.igf.edu.pl\/?page_id=736"},"modified":"2022-07-27T10:09:30","modified_gmt":"2022-07-27T10:09:30","slug":"zakres-badan","status":"publish","type":"page","link":"https:\/\/hornsund.igf.edu.pl\/index.php\/zakres-badan\/","title":{"rendered":"Zakres monitoringu"},"content":{"rendered":"\n<p>Obecnie w Polskiej Stacji Polarnej Hornsund prowadzi si\u0119 ca\u0142oroczny monitoring \u015brodowiskowy z nast\u0119puj\u0105cych dziedzin:<\/p>\n\n\n\n<p><strong>Meteorologia<\/strong><\/p>\n\n\n\n<figure class=\"wp-block-image size-full is-resized\"><img loading=\"lazy\" decoding=\"async\" src=\"https:\/\/hornsund.igf.edu.pl\/wp-content\/uploads\/2022\/04\/6.jpg\" alt=\"\" class=\"wp-image-1369\" width=\"300\" height=\"199\" srcset=\"https:\/\/hornsund.igf.edu.pl\/wp-content\/uploads\/2022\/04\/6.jpg 300w, https:\/\/hornsund.igf.edu.pl\/wp-content\/uploads\/2022\/04\/6-24x16.jpg 24w, https:\/\/hornsund.igf.edu.pl\/wp-content\/uploads\/2022\/04\/6-36x24.jpg 36w, https:\/\/hornsund.igf.edu.pl\/wp-content\/uploads\/2022\/04\/6-48x32.jpg 48w\" sizes=\"auto, (max-width: 300px) 100vw, 300px\" \/><\/figure>\n\n\n\n<p>fot. Grzegorz Karasi\u0144ski<\/p>\n\n\n\n<p>W Stacji zbierane s\u0105 dane do cel\u00f3w synoptycznych i klimatologicznych. Stacja meteorologiczna w Hornsundzie pracuje w sieci stacji norweskich i&nbsp;zarejestrowana jest w WMO (<em>\u015awiatowej Organizacji Meteorologicznej<\/em>) pod numerem 01003. Prowadzone s\u0105 tu systematyczne, ca\u0142odobowe pomiary i obserwacje podstawowych parametr\u00f3w meteorologicznych wed\u0142ug standard\u00f3w WMO.<\/p>\n\n\n\n<p><strong>Sejsmologia<\/strong><\/p>\n\n\n\n<p>Stacja sejsmologiczna w Hornsundzie nale\u017cy do mi\u0119dzynarodowej sieci obserwatori\u00f3w sejsmologicznych. Jest jedyn\u0105 stacj\u0105 nale\u017c\u0105c\u0105 do polskiej sieci sejsmologicznej zlokalizowan\u0105 poza obszarem Polski. G\u0142\u00f3wnym zadaniem laboratorium sejsmologicznego w Hornsundzie jest ci\u0105g\u0142a rejestracja lokalnych trz\u0119sie\u0144 Ziemi pochodzenia tektonicznego i&nbsp;lodowcowego.<\/p>\n\n\n\n<p><strong>Magnetyzm ziemski<\/strong><\/p>\n\n\n\n<p>W Stacji prowadzi si\u0119 ci\u0105g\u0142\u0105 rejestracj\u0119 zmian element\u00f3w naturalnego ziemskiego pola magnetycznego. Ze wzgl\u0119du na po\u0142o\u017cenie geograficzne, obserwatorium w Hornsundzie rejestruje jedne z najwi\u0119kszych zmian pola magnetycznego Ziemi. S\u0105 one ok. 5 razy wi\u0119ksze od tych rejestrowanych np. w Polsce, dlatego wyniki bada\u0144 s\u0105 istotne dla naukowc\u00f3w z ca\u0142ego \u015bwiata. Od 2002 roku obserwatorium magnetyczne w Hornsundzie nale\u017cy do \u015bwiatowej sieci badawczej INTERMAGNET.<\/p>\n\n\n\n<p><strong>Badania jonosferyczne<\/strong><\/p>\n\n\n\n<p>Stacja prowadzi d\u0142ugoterminowy monitoring struktury jonosfery. Ma on na celu okre\u015blanie oddzia\u0142ywania cz\u0105steczek i plazmy po wybuchach na S\u0142o\u0144cu na nasz\u0105 planet\u0119.<\/p>\n\n\n\n<p><strong>Glacjologia<\/strong><\/p>\n\n\n\n<p>Obiektem monitoringu glacjologicznego w rejonie Hornsundu jest pobliski Lodowiec Hansa. Prowadzi si\u0119 tu pomiary maj\u0105ce na celu okre\u015blenie \u00a0bilansu masy i dynamiki zmian lodowc\u00f3w, a tak\u017ce obserwacje grubo\u015bci pokrywy \u015bnie\u017cnej. Dane te przekazywane s\u0105 do \u015bwiatowego monitoringu lodowc\u00f3w (WGMS).<\/p>\n\n\n\n<p><strong>Fizyka i optyka atmosfery<\/strong><\/p>\n\n\n\n<p>Obserwacje zjawisk w atmosferze obejmuj\u0105 mi\u0119dzy innymi zmiany pola elektrycznego Ziemi oraz promieniowania UV oraz aerozolu. Dane te przekazywane s\u0105 do mi\u0119dzynarodowej sieci AERONET do NASA.<\/p>\n\n\n\n<p><strong>Badania \u015brodowiskowe<\/strong><\/p>\n\n\n\n<figure class=\"wp-block-image size-full\"><img loading=\"lazy\" decoding=\"async\" width=\"224\" height=\"300\" src=\"https:\/\/hornsund.igf.edu.pl\/wp-content\/uploads\/2022\/04\/7.png\" alt=\"\" class=\"wp-image-1372\" srcset=\"https:\/\/hornsund.igf.edu.pl\/wp-content\/uploads\/2022\/04\/7.png 224w, https:\/\/hornsund.igf.edu.pl\/wp-content\/uploads\/2022\/04\/7-18x24.png 18w, https:\/\/hornsund.igf.edu.pl\/wp-content\/uploads\/2022\/04\/7-27x36.png 27w, https:\/\/hornsund.igf.edu.pl\/wp-content\/uploads\/2022\/04\/7-36x48.png 36w\" sizes=\"auto, (max-width: 224px) 100vw, 224px\" \/><\/figure>\n\n\n\n<p>fot. Adam Nawrot<\/p>\n\n\n\n<p>W laboratorium chemicznym w Stacji prowadzone s\u0105 analizy sk\u0142adu chemicznego w\u00f3d powierzchniowych oraz opadowych. Ich celem jest okre\u015blenie zachodz\u0105cych w nich proces\u00f3w biogeochemicznych oraz ilo\u015bci docieraj\u0105cych tu i odk\u0142adaj\u0105cych si\u0119 zanieczyszcze\u0144 powsta\u0142ych tak\u017ce w wyniku dzia\u0142alno\u015bci cz\u0142owieka.<\/p>\n\n\n\n<p>Opr\u00f3cz monitoringu prowadzonego w ramach ca\u0142orocznego programu, w sezonach wiosennych i letnich w rejonie Hornsundu prowadzone s\u0105 tak\u017ce m.in. badania biologiczne, geologiczne, geodezyjne, geomorfologiczne, glacjologiczne i\u00a0oceanologiczne przez r\u00f3\u017cne grupy naukowc\u00f3w realizuj\u0105cych w\u0142asne projekty naukowe. Korzystaj\u0105 oni wtedy z zaplecza logistycznego i naukowego Stacji.<\/p>\n\n\n\n<p>Polska Stacja Polarna Hornsund bierze r\u00f3wnie\u017c udzia\u0142 w licznych projektach naukowych zar\u00f3wno krajowych, jak i zagranicznych.<\/p>\n","protected":false},"excerpt":{"rendered":"<p>Obecnie w Polskiej Stacji Polarnej Hornsund prowadzi si\u0119 ca\u0142oroczny monitoring \u015brodowiskowy z nast\u0119puj\u0105cych dziedzin: Meteorologia fot. Grzegorz Karasi\u0144ski W Stacji zbierane s\u0105 dane do cel\u00f3w synoptycznych i klimatologicznych. Stacja meteorologiczna w Hornsundzie pracuje w sieci stacji norweskich i&nbsp;zarejestrowana jest w WMO (\u015awiatowej Organizacji Meteorologicznej) pod numerem 01003. Prowadzone s\u0105 tu systematyczne, ca\u0142odobowe pomiary i obserwacje [&hellip;]<\/p>\n","protected":false},"author":1,"featured_media":0,"parent":0,"menu_order":0,"comment_status":"closed","ping_status":"closed","template":"","meta":{"footnotes":""},"class_list":["post-736","page","type-page","status-publish","hentry"],"yoast_head":"<!-- This site is optimized with the Yoast SEO plugin v24.9 - https:\/\/yoast.com\/wordpress\/plugins\/seo\/ -->\n<title>Zakres monitoringu - Polish Polar Station Hornsund<\/title>\n<meta name=\"robots\" content=\"index, follow, max-snippet:-1, max-image-preview:large, max-video-preview:-1\" \/>\n<link rel=\"canonical\" href=\"https:\/\/hornsund.igf.edu.pl\/index.php\/zakres-badan\/\" \/>\n<meta property=\"og:locale\" content=\"pl_PL\" \/>\n<meta property=\"og:type\" content=\"article\" \/>\n<meta property=\"og:title\" content=\"Zakres monitoringu - Polish Polar Station Hornsund\" \/>\n<meta property=\"og:description\" content=\"Obecnie w Polskiej Stacji Polarnej Hornsund prowadzi si\u0119 ca\u0142oroczny monitoring \u015brodowiskowy z nast\u0119puj\u0105cych dziedzin: Meteorologia fot. Grzegorz Karasi\u0144ski W Stacji zbierane s\u0105 dane do cel\u00f3w synoptycznych i klimatologicznych. Stacja meteorologiczna w Hornsundzie pracuje w sieci stacji norweskich i&nbsp;zarejestrowana jest w WMO (\u015awiatowej Organizacji Meteorologicznej) pod numerem 01003. Prowadzone s\u0105 tu systematyczne, ca\u0142odobowe pomiary i obserwacje [&hellip;]\" \/>\n<meta property=\"og:url\" content=\"https:\/\/hornsund.igf.edu.pl\/index.php\/zakres-badan\/\" \/>\n<meta property=\"og:site_name\" content=\"Polish Polar Station Hornsund\" \/>\n<meta property=\"article:modified_time\" content=\"2022-07-27T10:09:30+00:00\" \/>\n<meta property=\"og:image\" content=\"https:\/\/hornsund.igf.edu.pl\/wp-content\/uploads\/2022\/04\/6.jpg\" \/>\n<meta name=\"twitter:card\" content=\"summary_large_image\" \/>\n<meta name=\"twitter:label1\" content=\"Szacowany czas czytania\" \/>\n\t<meta name=\"twitter:data1\" content=\"2 minuty\" \/>\n<script type=\"application\/ld+json\" class=\"yoast-schema-graph\">{\"@context\":\"https:\/\/schema.org\",\"@graph\":[{\"@type\":\"WebPage\",\"@id\":\"https:\/\/hornsund.igf.edu.pl\/index.php\/zakres-badan\/\",\"url\":\"https:\/\/hornsund.igf.edu.pl\/index.php\/zakres-badan\/\",\"name\":\"Zakres monitoringu - Polish Polar Station Hornsund\",\"isPartOf\":{\"@id\":\"https:\/\/hornsund.igf.edu.pl\/#website\"},\"primaryImageOfPage\":{\"@id\":\"https:\/\/hornsund.igf.edu.pl\/index.php\/zakres-badan\/#primaryimage\"},\"image\":{\"@id\":\"https:\/\/hornsund.igf.edu.pl\/index.php\/zakres-badan\/#primaryimage\"},\"thumbnailUrl\":\"https:\/\/hornsund.igf.edu.pl\/wp-content\/uploads\/2022\/04\/6.jpg\",\"datePublished\":\"2021-07-31T14:09:24+00:00\",\"dateModified\":\"2022-07-27T10:09:30+00:00\",\"breadcrumb\":{\"@id\":\"https:\/\/hornsund.igf.edu.pl\/index.php\/zakres-badan\/#breadcrumb\"},\"inLanguage\":\"pl-PL\",\"potentialAction\":[{\"@type\":\"ReadAction\",\"target\":[\"https:\/\/hornsund.igf.edu.pl\/index.php\/zakres-badan\/\"]}]},{\"@type\":\"ImageObject\",\"inLanguage\":\"pl-PL\",\"@id\":\"https:\/\/hornsund.igf.edu.pl\/index.php\/zakres-badan\/#primaryimage\",\"url\":\"https:\/\/hornsund.igf.edu.pl\/wp-content\/uploads\/2022\/04\/6.jpg\",\"contentUrl\":\"https:\/\/hornsund.igf.edu.pl\/wp-content\/uploads\/2022\/04\/6.jpg\",\"width\":300,\"height\":199},{\"@type\":\"BreadcrumbList\",\"@id\":\"https:\/\/hornsund.igf.edu.pl\/index.php\/zakres-badan\/#breadcrumb\",\"itemListElement\":[{\"@type\":\"ListItem\",\"position\":1,\"name\":\"Strona g\u0142\u00f3wna\",\"item\":\"https:\/\/hornsund.igf.edu.pl\/\"},{\"@type\":\"ListItem\",\"position\":2,\"name\":\"Zakres monitoringu\"}]},{\"@type\":\"WebSite\",\"@id\":\"https:\/\/hornsund.igf.edu.pl\/#website\",\"url\":\"https:\/\/hornsund.igf.edu.pl\/\",\"name\":\"Polish Polar Station Hornsund\",\"description\":\"Hornsund\",\"publisher\":{\"@id\":\"https:\/\/hornsund.igf.edu.pl\/#organization\"},\"potentialAction\":[{\"@type\":\"SearchAction\",\"target\":{\"@type\":\"EntryPoint\",\"urlTemplate\":\"https:\/\/hornsund.igf.edu.pl\/?s={search_term_string}\"},\"query-input\":{\"@type\":\"PropertyValueSpecification\",\"valueRequired\":true,\"valueName\":\"search_term_string\"}}],\"inLanguage\":\"pl-PL\"},{\"@type\":\"Organization\",\"@id\":\"https:\/\/hornsund.igf.edu.pl\/#organization\",\"name\":\"Polish Polar Station Hornsund\",\"url\":\"https:\/\/hornsund.igf.edu.pl\/\",\"logo\":{\"@type\":\"ImageObject\",\"inLanguage\":\"pl-PL\",\"@id\":\"https:\/\/hornsund.igf.edu.pl\/#\/schema\/logo\/image\/\",\"url\":\"\",\"contentUrl\":\"\",\"caption\":\"Polish Polar Station Hornsund\"},\"image\":{\"@id\":\"https:\/\/hornsund.igf.edu.pl\/#\/schema\/logo\/image\/\"}}]}<\/script>\n<!-- \/ Yoast SEO plugin. -->","yoast_head_json":{"title":"Zakres monitoringu - Polish Polar Station Hornsund","robots":{"index":"index","follow":"follow","max-snippet":"max-snippet:-1","max-image-preview":"max-image-preview:large","max-video-preview":"max-video-preview:-1"},"canonical":"https:\/\/hornsund.igf.edu.pl\/index.php\/zakres-badan\/","og_locale":"pl_PL","og_type":"article","og_title":"Zakres monitoringu - Polish Polar Station Hornsund","og_description":"Obecnie w Polskiej Stacji Polarnej Hornsund prowadzi si\u0119 ca\u0142oroczny monitoring \u015brodowiskowy z nast\u0119puj\u0105cych dziedzin: Meteorologia fot. Grzegorz Karasi\u0144ski W Stacji zbierane s\u0105 dane do cel\u00f3w synoptycznych i klimatologicznych. Stacja meteorologiczna w Hornsundzie pracuje w sieci stacji norweskich i&nbsp;zarejestrowana jest w WMO (\u015awiatowej Organizacji Meteorologicznej) pod numerem 01003. Prowadzone s\u0105 tu systematyczne, ca\u0142odobowe pomiary i obserwacje [&hellip;]","og_url":"https:\/\/hornsund.igf.edu.pl\/index.php\/zakres-badan\/","og_site_name":"Polish Polar Station Hornsund","article_modified_time":"2022-07-27T10:09:30+00:00","og_image":[{"url":"https:\/\/hornsund.igf.edu.pl\/wp-content\/uploads\/2022\/04\/6.jpg","type":"","width":"","height":""}],"twitter_card":"summary_large_image","twitter_misc":{"Szacowany czas czytania":"2 minuty"},"schema":{"@context":"https:\/\/schema.org","@graph":[{"@type":"WebPage","@id":"https:\/\/hornsund.igf.edu.pl\/index.php\/zakres-badan\/","url":"https:\/\/hornsund.igf.edu.pl\/index.php\/zakres-badan\/","name":"Zakres monitoringu - Polish Polar Station Hornsund","isPartOf":{"@id":"https:\/\/hornsund.igf.edu.pl\/#website"},"primaryImageOfPage":{"@id":"https:\/\/hornsund.igf.edu.pl\/index.php\/zakres-badan\/#primaryimage"},"image":{"@id":"https:\/\/hornsund.igf.edu.pl\/index.php\/zakres-badan\/#primaryimage"},"thumbnailUrl":"https:\/\/hornsund.igf.edu.pl\/wp-content\/uploads\/2022\/04\/6.jpg","datePublished":"2021-07-31T14:09:24+00:00","dateModified":"2022-07-27T10:09:30+00:00","breadcrumb":{"@id":"https:\/\/hornsund.igf.edu.pl\/index.php\/zakres-badan\/#breadcrumb"},"inLanguage":"pl-PL","potentialAction":[{"@type":"ReadAction","target":["https:\/\/hornsund.igf.edu.pl\/index.php\/zakres-badan\/"]}]},{"@type":"ImageObject","inLanguage":"pl-PL","@id":"https:\/\/hornsund.igf.edu.pl\/index.php\/zakres-badan\/#primaryimage","url":"https:\/\/hornsund.igf.edu.pl\/wp-content\/uploads\/2022\/04\/6.jpg","contentUrl":"https:\/\/hornsund.igf.edu.pl\/wp-content\/uploads\/2022\/04\/6.jpg","width":300,"height":199},{"@type":"BreadcrumbList","@id":"https:\/\/hornsund.igf.edu.pl\/index.php\/zakres-badan\/#breadcrumb","itemListElement":[{"@type":"ListItem","position":1,"name":"Strona g\u0142\u00f3wna","item":"https:\/\/hornsund.igf.edu.pl\/"},{"@type":"ListItem","position":2,"name":"Zakres monitoringu"}]},{"@type":"WebSite","@id":"https:\/\/hornsund.igf.edu.pl\/#website","url":"https:\/\/hornsund.igf.edu.pl\/","name":"Polish Polar Station Hornsund","description":"Hornsund","publisher":{"@id":"https:\/\/hornsund.igf.edu.pl\/#organization"},"potentialAction":[{"@type":"SearchAction","target":{"@type":"EntryPoint","urlTemplate":"https:\/\/hornsund.igf.edu.pl\/?s={search_term_string}"},"query-input":{"@type":"PropertyValueSpecification","valueRequired":true,"valueName":"search_term_string"}}],"inLanguage":"pl-PL"},{"@type":"Organization","@id":"https:\/\/hornsund.igf.edu.pl\/#organization","name":"Polish Polar Station Hornsund","url":"https:\/\/hornsund.igf.edu.pl\/","logo":{"@type":"ImageObject","inLanguage":"pl-PL","@id":"https:\/\/hornsund.igf.edu.pl\/#\/schema\/logo\/image\/","url":"","contentUrl":"","caption":"Polish Polar Station Hornsund"},"image":{"@id":"https:\/\/hornsund.igf.edu.pl\/#\/schema\/logo\/image\/"}}]}},"_links":{"self":[{"href":"https:\/\/hornsund.igf.edu.pl\/index.php\/wp-json\/wp\/v2\/pages\/736","targetHints":{"allow":["GET"]}}],"collection":[{"href":"https:\/\/hornsund.igf.edu.pl\/index.php\/wp-json\/wp\/v2\/pages"}],"about":[{"href":"https:\/\/hornsund.igf.edu.pl\/index.php\/wp-json\/wp\/v2\/types\/page"}],"author":[{"embeddable":true,"href":"https:\/\/hornsund.igf.edu.pl\/index.php\/wp-json\/wp\/v2\/users\/1"}],"replies":[{"embeddable":true,"href":"https:\/\/hornsund.igf.edu.pl\/index.php\/wp-json\/wp\/v2\/comments?post=736"}],"version-history":[{"count":6,"href":"https:\/\/hornsund.igf.edu.pl\/index.php\/wp-json\/wp\/v2\/pages\/736\/revisions"}],"predecessor-version":[{"id":2575,"href":"https:\/\/hornsund.igf.edu.pl\/index.php\/wp-json\/wp\/v2\/pages\/736\/revisions\/2575"}],"wp:attachment":[{"href":"https:\/\/hornsund.igf.edu.pl\/index.php\/wp-json\/wp\/v2\/media?parent=736"}],"curies":[{"name":"wp","href":"https:\/\/api.w.org\/{rel}","templated":true}]}}