{"id":646102,"date":"2025-09-06T07:59:38","date_gmt":"2025-09-06T06:59:38","guid":{"rendered":"https:\/\/hornsund.igf.edu.pl\/?page_id=646102"},"modified":"2025-09-06T08:26:51","modified_gmt":"2025-09-06T07:26:51","slug":"uroczyste-odsloniecie-tabliczki-upamietniajacej-sp-grazyne-dziurle-w-hornsundzie","status":"publish","type":"page","link":"https:\/\/hornsund.igf.edu.pl\/index.php\/uroczyste-odsloniecie-tabliczki-upamietniajacej-sp-grazyne-dziurle-w-hornsundzie\/","title":{"rendered":"Uroczyste ods\u0142oni\u0119cie tabliczki upami\u0119tniaj\u0105cej \u015bp. Gra\u017cyn\u0119 Dziurl\u0119 w Hornsundzie"},"content":{"rendered":"\n<p>29 sierpnia na Wilczku odby\u0142o si\u0119 uroczyste ods\u0142oni\u0119cie tabliczki upami\u0119tniaj\u0105cej \u015bp. Gra\u017cyn\u0119 Dziurl\u0119, kt\u00f3ra odesz\u0142a od nas w czerwcu tego roku. Tabliczka ods\u0142oni\u0119ta <a><\/a>przez prof. Piotra G\u0142owackiego stanowi wyraz naszej wdzi\u0119czno\u015bci i pami\u0119ci o Jej niezwyk\u0142ym zaanga\u017cowaniu oraz oddaniu sprawom polarnym.<\/p>\n\n\n\n<p>Wspominaj\u0105c Jej prac\u0119, pasj\u0119 i \u017cyczliwo\u015b\u0107, chcemy, aby Jej obecno\u015b\u0107 na zawsze pozosta\u0142a cz\u0119\u015bci\u0105 historii Stacji oraz wszystkich, kt\u00f3rzy mieli zaszczyt z Ni\u0105 wsp\u00f3\u0142pracowa\u0107.<\/p>\n\n\n\n<p>Pami\u0119\u0107 o Niej b\u0119dzie towarzyszy\u0107 kolejnym pokoleniom polarnik\u00f3w. <img loading=\"lazy\" decoding=\"async\" height=\"16\" width=\"16\" alt=\"\ud83d\udd4a\" src=\"https:\/\/static.xx.fbcdn.net\/images\/emoji.php\/v9\/tba\/1\/16\/1f54a.png\"><\/p>\n\n\n<div class=\"wp-block-image\">\n<figure class=\"aligncenter size-large\"><img loading=\"lazy\" decoding=\"async\" width=\"1024\" height=\"683\" src=\"https:\/\/hornsund.igf.edu.pl\/wp-content\/uploads\/2025\/09\/1542752117_1249935880270563_6927563852483758316_n-1024x683.jpg\" alt=\"\" class=\"wp-image-646105\" srcset=\"https:\/\/hornsund.igf.edu.pl\/wp-content\/uploads\/2025\/09\/1542752117_1249935880270563_6927563852483758316_n-1024x683.jpg 1024w, https:\/\/hornsund.igf.edu.pl\/wp-content\/uploads\/2025\/09\/1542752117_1249935880270563_6927563852483758316_n-300x200.jpg 300w, https:\/\/hornsund.igf.edu.pl\/wp-content\/uploads\/2025\/09\/1542752117_1249935880270563_6927563852483758316_n-768x512.jpg 768w, https:\/\/hornsund.igf.edu.pl\/wp-content\/uploads\/2025\/09\/1542752117_1249935880270563_6927563852483758316_n-24x16.jpg 24w, https:\/\/hornsund.igf.edu.pl\/wp-content\/uploads\/2025\/09\/1542752117_1249935880270563_6927563852483758316_n-36x24.jpg 36w, https:\/\/hornsund.igf.edu.pl\/wp-content\/uploads\/2025\/09\/1542752117_1249935880270563_6927563852483758316_n-48x32.jpg 48w, https:\/\/hornsund.igf.edu.pl\/wp-content\/uploads\/2025\/09\/1542752117_1249935880270563_6927563852483758316_n.jpg 1500w\" sizes=\"auto, (max-width: 1024px) 100vw, 1024px\" \/><\/figure><\/div>\n\n\n<div style=\"height:20px\" aria-hidden=\"true\" class=\"wp-block-spacer\"><\/div>\n\n\n<div class=\"wp-block-image\">\n<figure class=\"aligncenter size-large\"><img loading=\"lazy\" decoding=\"async\" width=\"1024\" height=\"683\" src=\"https:\/\/hornsund.igf.edu.pl\/wp-content\/uploads\/2025\/09\/542756390_1249935973603887_3859934325467091452_n-1024x683.jpg\" alt=\"\" class=\"wp-image-646114\" srcset=\"https:\/\/hornsund.igf.edu.pl\/wp-content\/uploads\/2025\/09\/542756390_1249935973603887_3859934325467091452_n-1024x683.jpg 1024w, https:\/\/hornsund.igf.edu.pl\/wp-content\/uploads\/2025\/09\/542756390_1249935973603887_3859934325467091452_n-300x200.jpg 300w, https:\/\/hornsund.igf.edu.pl\/wp-content\/uploads\/2025\/09\/542756390_1249935973603887_3859934325467091452_n-768x512.jpg 768w, https:\/\/hornsund.igf.edu.pl\/wp-content\/uploads\/2025\/09\/542756390_1249935973603887_3859934325467091452_n-24x16.jpg 24w, https:\/\/hornsund.igf.edu.pl\/wp-content\/uploads\/2025\/09\/542756390_1249935973603887_3859934325467091452_n-36x24.jpg 36w, https:\/\/hornsund.igf.edu.pl\/wp-content\/uploads\/2025\/09\/542756390_1249935973603887_3859934325467091452_n-48x32.jpg 48w, https:\/\/hornsund.igf.edu.pl\/wp-content\/uploads\/2025\/09\/542756390_1249935973603887_3859934325467091452_n.jpg 1500w\" sizes=\"auto, (max-width: 1024px) 100vw, 1024px\" \/><\/figure><\/div>\n\n\n<div style=\"height:20px\" aria-hidden=\"true\" class=\"wp-block-spacer\"><\/div>\n\n\n<div class=\"wp-block-image\">\n<figure class=\"aligncenter size-large\"><img loading=\"lazy\" decoding=\"async\" width=\"1024\" height=\"683\" src=\"https:\/\/hornsund.igf.edu.pl\/wp-content\/uploads\/2025\/09\/542576940_1249935906937227_7976857506688075524_n-1024x683.jpg\" alt=\"\" class=\"wp-image-646111\" srcset=\"https:\/\/hornsund.igf.edu.pl\/wp-content\/uploads\/2025\/09\/542576940_1249935906937227_7976857506688075524_n-1024x683.jpg 1024w, https:\/\/hornsund.igf.edu.pl\/wp-content\/uploads\/2025\/09\/542576940_1249935906937227_7976857506688075524_n-300x200.jpg 300w, https:\/\/hornsund.igf.edu.pl\/wp-content\/uploads\/2025\/09\/542576940_1249935906937227_7976857506688075524_n-768x512.jpg 768w, https:\/\/hornsund.igf.edu.pl\/wp-content\/uploads\/2025\/09\/542576940_1249935906937227_7976857506688075524_n-24x16.jpg 24w, https:\/\/hornsund.igf.edu.pl\/wp-content\/uploads\/2025\/09\/542576940_1249935906937227_7976857506688075524_n-36x24.jpg 36w, https:\/\/hornsund.igf.edu.pl\/wp-content\/uploads\/2025\/09\/542576940_1249935906937227_7976857506688075524_n-48x32.jpg 48w, https:\/\/hornsund.igf.edu.pl\/wp-content\/uploads\/2025\/09\/542576940_1249935906937227_7976857506688075524_n.jpg 1500w\" sizes=\"auto, (max-width: 1024px) 100vw, 1024px\" \/><\/figure><\/div>\n\n\n<div style=\"height:20px\" aria-hidden=\"true\" class=\"wp-block-spacer\"><\/div>\n\n\n<div class=\"wp-block-image\">\n<figure class=\"aligncenter size-large\"><img loading=\"lazy\" decoding=\"async\" width=\"683\" height=\"1024\" src=\"https:\/\/hornsund.igf.edu.pl\/wp-content\/uploads\/2025\/09\/542478644_1249935910270560_3988135855868219897_n-683x1024.jpg\" alt=\"\" class=\"wp-image-646108\" srcset=\"https:\/\/hornsund.igf.edu.pl\/wp-content\/uploads\/2025\/09\/542478644_1249935910270560_3988135855868219897_n-683x1024.jpg 683w, https:\/\/hornsund.igf.edu.pl\/wp-content\/uploads\/2025\/09\/542478644_1249935910270560_3988135855868219897_n-200x300.jpg 200w, https:\/\/hornsund.igf.edu.pl\/wp-content\/uploads\/2025\/09\/542478644_1249935910270560_3988135855868219897_n-768x1152.jpg 768w, https:\/\/hornsund.igf.edu.pl\/wp-content\/uploads\/2025\/09\/542478644_1249935910270560_3988135855868219897_n-16x24.jpg 16w, https:\/\/hornsund.igf.edu.pl\/wp-content\/uploads\/2025\/09\/542478644_1249935910270560_3988135855868219897_n-24x36.jpg 24w, https:\/\/hornsund.igf.edu.pl\/wp-content\/uploads\/2025\/09\/542478644_1249935910270560_3988135855868219897_n-32x48.jpg 32w, https:\/\/hornsund.igf.edu.pl\/wp-content\/uploads\/2025\/09\/542478644_1249935910270560_3988135855868219897_n.jpg 1000w\" sizes=\"auto, (max-width: 683px) 100vw, 683px\" \/><\/figure><\/div>","protected":false},"excerpt":{"rendered":"<p>29 sierpnia na Wilczku odby\u0142o si\u0119 uroczyste ods\u0142oni\u0119cie tabliczki upami\u0119tniaj\u0105cej \u015bp. Gra\u017cyn\u0119 Dziurl\u0119, kt\u00f3ra odesz\u0142a od nas w czerwcu tego roku. Tabliczka ods\u0142oni\u0119ta przez prof. Piotra G\u0142owackiego stanowi wyraz naszej wdzi\u0119czno\u015bci i pami\u0119ci o Jej niezwyk\u0142ym zaanga\u017cowaniu oraz oddaniu sprawom polarnym. Wspominaj\u0105c Jej prac\u0119, pasj\u0119 i \u017cyczliwo\u015b\u0107, chcemy, aby Jej obecno\u015b\u0107 na zawsze pozosta\u0142a cz\u0119\u015bci\u0105 [&hellip;]<\/p>\n","protected":false},"author":31,"featured_media":0,"parent":0,"menu_order":0,"comment_status":"closed","ping_status":"closed","template":"","meta":{"footnotes":""},"class_list":["post-646102","page","type-page","status-publish","hentry"],"yoast_head":"<!-- This site is optimized with the Yoast SEO plugin v24.9 - https:\/\/yoast.com\/wordpress\/plugins\/seo\/ -->\n<title>Uroczyste ods\u0142oni\u0119cie tabliczki upami\u0119tniaj\u0105cej \u015bp. Gra\u017cyn\u0119 Dziurl\u0119 w Hornsundzie - Polish Polar Station Hornsund<\/title>\n<meta name=\"robots\" content=\"index, follow, max-snippet:-1, max-image-preview:large, max-video-preview:-1\" \/>\n<link rel=\"canonical\" href=\"https:\/\/hornsund.igf.edu.pl\/index.php\/uroczyste-odsloniecie-tabliczki-upamietniajacej-sp-grazyne-dziurle-w-hornsundzie\/\" \/>\n<meta property=\"og:locale\" content=\"pl_PL\" \/>\n<meta property=\"og:type\" content=\"article\" \/>\n<meta property=\"og:title\" content=\"Uroczyste ods\u0142oni\u0119cie tabliczki upami\u0119tniaj\u0105cej \u015bp. Gra\u017cyn\u0119 Dziurl\u0119 w Hornsundzie - Polish Polar Station Hornsund\" \/>\n<meta property=\"og:description\" content=\"29 sierpnia na Wilczku odby\u0142o si\u0119 uroczyste ods\u0142oni\u0119cie tabliczki upami\u0119tniaj\u0105cej \u015bp. Gra\u017cyn\u0119 Dziurl\u0119, kt\u00f3ra odesz\u0142a od nas w czerwcu tego roku. Tabliczka ods\u0142oni\u0119ta przez prof. Piotra G\u0142owackiego stanowi wyraz naszej wdzi\u0119czno\u015bci i pami\u0119ci o Jej niezwyk\u0142ym zaanga\u017cowaniu oraz oddaniu sprawom polarnym. Wspominaj\u0105c Jej prac\u0119, pasj\u0119 i \u017cyczliwo\u015b\u0107, chcemy, aby Jej obecno\u015b\u0107 na zawsze pozosta\u0142a cz\u0119\u015bci\u0105 [&hellip;]\" \/>\n<meta property=\"og:url\" content=\"https:\/\/hornsund.igf.edu.pl\/index.php\/uroczyste-odsloniecie-tabliczki-upamietniajacej-sp-grazyne-dziurle-w-hornsundzie\/\" \/>\n<meta property=\"og:site_name\" content=\"Polish Polar Station Hornsund\" \/>\n<meta property=\"article:modified_time\" content=\"2025-09-06T07:26:51+00:00\" \/>\n<meta property=\"og:image\" content=\"https:\/\/static.xx.fbcdn.net\/images\/emoji.php\/v9\/tba\/1\/16\/1f54a.png\" \/>\n<meta name=\"twitter:card\" content=\"summary_large_image\" \/>\n<meta name=\"twitter:label1\" content=\"Szacowany czas czytania\" \/>\n\t<meta name=\"twitter:data1\" content=\"2 minuty\" \/>\n<script type=\"application\/ld+json\" class=\"yoast-schema-graph\">{\"@context\":\"https:\/\/schema.org\",\"@graph\":[{\"@type\":\"WebPage\",\"@id\":\"https:\/\/hornsund.igf.edu.pl\/index.php\/uroczyste-odsloniecie-tabliczki-upamietniajacej-sp-grazyne-dziurle-w-hornsundzie\/\",\"url\":\"https:\/\/hornsund.igf.edu.pl\/index.php\/uroczyste-odsloniecie-tabliczki-upamietniajacej-sp-grazyne-dziurle-w-hornsundzie\/\",\"name\":\"Uroczyste ods\u0142oni\u0119cie tabliczki upami\u0119tniaj\u0105cej \u015bp. Gra\u017cyn\u0119 Dziurl\u0119 w Hornsundzie - Polish Polar Station Hornsund\",\"isPartOf\":{\"@id\":\"https:\/\/hornsund.igf.edu.pl\/#website\"},\"primaryImageOfPage\":{\"@id\":\"https:\/\/hornsund.igf.edu.pl\/index.php\/uroczyste-odsloniecie-tabliczki-upamietniajacej-sp-grazyne-dziurle-w-hornsundzie\/#primaryimage\"},\"image\":{\"@id\":\"https:\/\/hornsund.igf.edu.pl\/index.php\/uroczyste-odsloniecie-tabliczki-upamietniajacej-sp-grazyne-dziurle-w-hornsundzie\/#primaryimage\"},\"thumbnailUrl\":\"https:\/\/static.xx.fbcdn.net\/images\/emoji.php\/v9\/tba\/1\/16\/1f54a.png\",\"datePublished\":\"2025-09-06T06:59:38+00:00\",\"dateModified\":\"2025-09-06T07:26:51+00:00\",\"breadcrumb\":{\"@id\":\"https:\/\/hornsund.igf.edu.pl\/index.php\/uroczyste-odsloniecie-tabliczki-upamietniajacej-sp-grazyne-dziurle-w-hornsundzie\/#breadcrumb\"},\"inLanguage\":\"pl-PL\",\"potentialAction\":[{\"@type\":\"ReadAction\",\"target\":[\"https:\/\/hornsund.igf.edu.pl\/index.php\/uroczyste-odsloniecie-tabliczki-upamietniajacej-sp-grazyne-dziurle-w-hornsundzie\/\"]}]},{\"@type\":\"ImageObject\",\"inLanguage\":\"pl-PL\",\"@id\":\"https:\/\/hornsund.igf.edu.pl\/index.php\/uroczyste-odsloniecie-tabliczki-upamietniajacej-sp-grazyne-dziurle-w-hornsundzie\/#primaryimage\",\"url\":\"https:\/\/static.xx.fbcdn.net\/images\/emoji.php\/v9\/tba\/1\/16\/1f54a.png\",\"contentUrl\":\"https:\/\/static.xx.fbcdn.net\/images\/emoji.php\/v9\/tba\/1\/16\/1f54a.png\"},{\"@type\":\"BreadcrumbList\",\"@id\":\"https:\/\/hornsund.igf.edu.pl\/index.php\/uroczyste-odsloniecie-tabliczki-upamietniajacej-sp-grazyne-dziurle-w-hornsundzie\/#breadcrumb\",\"itemListElement\":[{\"@type\":\"ListItem\",\"position\":1,\"name\":\"Strona g\u0142\u00f3wna\",\"item\":\"https:\/\/hornsund.igf.edu.pl\/\"},{\"@type\":\"ListItem\",\"position\":2,\"name\":\"Uroczyste ods\u0142oni\u0119cie tabliczki upami\u0119tniaj\u0105cej \u015bp. Gra\u017cyn\u0119 Dziurl\u0119 w Hornsundzie\"}]},{\"@type\":\"WebSite\",\"@id\":\"https:\/\/hornsund.igf.edu.pl\/#website\",\"url\":\"https:\/\/hornsund.igf.edu.pl\/\",\"name\":\"Polish Polar Station Hornsund\",\"description\":\"Hornsund\",\"publisher\":{\"@id\":\"https:\/\/hornsund.igf.edu.pl\/#organization\"},\"potentialAction\":[{\"@type\":\"SearchAction\",\"target\":{\"@type\":\"EntryPoint\",\"urlTemplate\":\"https:\/\/hornsund.igf.edu.pl\/?s={search_term_string}\"},\"query-input\":{\"@type\":\"PropertyValueSpecification\",\"valueRequired\":true,\"valueName\":\"search_term_string\"}}],\"inLanguage\":\"pl-PL\"},{\"@type\":\"Organization\",\"@id\":\"https:\/\/hornsund.igf.edu.pl\/#organization\",\"name\":\"Polish Polar Station Hornsund\",\"url\":\"https:\/\/hornsund.igf.edu.pl\/\",\"logo\":{\"@type\":\"ImageObject\",\"inLanguage\":\"pl-PL\",\"@id\":\"https:\/\/hornsund.igf.edu.pl\/#\/schema\/logo\/image\/\",\"url\":\"\",\"contentUrl\":\"\",\"caption\":\"Polish Polar Station Hornsund\"},\"image\":{\"@id\":\"https:\/\/hornsund.igf.edu.pl\/#\/schema\/logo\/image\/\"}}]}<\/script>\n<!-- \/ Yoast SEO plugin. -->","yoast_head_json":{"title":"Uroczyste ods\u0142oni\u0119cie tabliczki upami\u0119tniaj\u0105cej \u015bp. Gra\u017cyn\u0119 Dziurl\u0119 w Hornsundzie - Polish Polar Station Hornsund","robots":{"index":"index","follow":"follow","max-snippet":"max-snippet:-1","max-image-preview":"max-image-preview:large","max-video-preview":"max-video-preview:-1"},"canonical":"https:\/\/hornsund.igf.edu.pl\/index.php\/uroczyste-odsloniecie-tabliczki-upamietniajacej-sp-grazyne-dziurle-w-hornsundzie\/","og_locale":"pl_PL","og_type":"article","og_title":"Uroczyste ods\u0142oni\u0119cie tabliczki upami\u0119tniaj\u0105cej \u015bp. Gra\u017cyn\u0119 Dziurl\u0119 w Hornsundzie - Polish Polar Station Hornsund","og_description":"29 sierpnia na Wilczku odby\u0142o si\u0119 uroczyste ods\u0142oni\u0119cie tabliczki upami\u0119tniaj\u0105cej \u015bp. Gra\u017cyn\u0119 Dziurl\u0119, kt\u00f3ra odesz\u0142a od nas w czerwcu tego roku. Tabliczka ods\u0142oni\u0119ta przez prof. Piotra G\u0142owackiego stanowi wyraz naszej wdzi\u0119czno\u015bci i pami\u0119ci o Jej niezwyk\u0142ym zaanga\u017cowaniu oraz oddaniu sprawom polarnym. Wspominaj\u0105c Jej prac\u0119, pasj\u0119 i \u017cyczliwo\u015b\u0107, chcemy, aby Jej obecno\u015b\u0107 na zawsze pozosta\u0142a cz\u0119\u015bci\u0105 [&hellip;]","og_url":"https:\/\/hornsund.igf.edu.pl\/index.php\/uroczyste-odsloniecie-tabliczki-upamietniajacej-sp-grazyne-dziurle-w-hornsundzie\/","og_site_name":"Polish Polar Station Hornsund","article_modified_time":"2025-09-06T07:26:51+00:00","og_image":[{"url":"https:\/\/static.xx.fbcdn.net\/images\/emoji.php\/v9\/tba\/1\/16\/1f54a.png","type":"","width":"","height":""}],"twitter_card":"summary_large_image","twitter_misc":{"Szacowany czas czytania":"2 minuty"},"schema":{"@context":"https:\/\/schema.org","@graph":[{"@type":"WebPage","@id":"https:\/\/hornsund.igf.edu.pl\/index.php\/uroczyste-odsloniecie-tabliczki-upamietniajacej-sp-grazyne-dziurle-w-hornsundzie\/","url":"https:\/\/hornsund.igf.edu.pl\/index.php\/uroczyste-odsloniecie-tabliczki-upamietniajacej-sp-grazyne-dziurle-w-hornsundzie\/","name":"Uroczyste ods\u0142oni\u0119cie tabliczki upami\u0119tniaj\u0105cej \u015bp. Gra\u017cyn\u0119 Dziurl\u0119 w Hornsundzie - Polish Polar Station Hornsund","isPartOf":{"@id":"https:\/\/hornsund.igf.edu.pl\/#website"},"primaryImageOfPage":{"@id":"https:\/\/hornsund.igf.edu.pl\/index.php\/uroczyste-odsloniecie-tabliczki-upamietniajacej-sp-grazyne-dziurle-w-hornsundzie\/#primaryimage"},"image":{"@id":"https:\/\/hornsund.igf.edu.pl\/index.php\/uroczyste-odsloniecie-tabliczki-upamietniajacej-sp-grazyne-dziurle-w-hornsundzie\/#primaryimage"},"thumbnailUrl":"https:\/\/static.xx.fbcdn.net\/images\/emoji.php\/v9\/tba\/1\/16\/1f54a.png","datePublished":"2025-09-06T06:59:38+00:00","dateModified":"2025-09-06T07:26:51+00:00","breadcrumb":{"@id":"https:\/\/hornsund.igf.edu.pl\/index.php\/uroczyste-odsloniecie-tabliczki-upamietniajacej-sp-grazyne-dziurle-w-hornsundzie\/#breadcrumb"},"inLanguage":"pl-PL","potentialAction":[{"@type":"ReadAction","target":["https:\/\/hornsund.igf.edu.pl\/index.php\/uroczyste-odsloniecie-tabliczki-upamietniajacej-sp-grazyne-dziurle-w-hornsundzie\/"]}]},{"@type":"ImageObject","inLanguage":"pl-PL","@id":"https:\/\/hornsund.igf.edu.pl\/index.php\/uroczyste-odsloniecie-tabliczki-upamietniajacej-sp-grazyne-dziurle-w-hornsundzie\/#primaryimage","url":"https:\/\/static.xx.fbcdn.net\/images\/emoji.php\/v9\/tba\/1\/16\/1f54a.png","contentUrl":"https:\/\/static.xx.fbcdn.net\/images\/emoji.php\/v9\/tba\/1\/16\/1f54a.png"},{"@type":"BreadcrumbList","@id":"https:\/\/hornsund.igf.edu.pl\/index.php\/uroczyste-odsloniecie-tabliczki-upamietniajacej-sp-grazyne-dziurle-w-hornsundzie\/#breadcrumb","itemListElement":[{"@type":"ListItem","position":1,"name":"Strona g\u0142\u00f3wna","item":"https:\/\/hornsund.igf.edu.pl\/"},{"@type":"ListItem","position":2,"name":"Uroczyste ods\u0142oni\u0119cie tabliczki upami\u0119tniaj\u0105cej \u015bp. Gra\u017cyn\u0119 Dziurl\u0119 w Hornsundzie"}]},{"@type":"WebSite","@id":"https:\/\/hornsund.igf.edu.pl\/#website","url":"https:\/\/hornsund.igf.edu.pl\/","name":"Polish Polar Station Hornsund","description":"Hornsund","publisher":{"@id":"https:\/\/hornsund.igf.edu.pl\/#organization"},"potentialAction":[{"@type":"SearchAction","target":{"@type":"EntryPoint","urlTemplate":"https:\/\/hornsund.igf.edu.pl\/?s={search_term_string}"},"query-input":{"@type":"PropertyValueSpecification","valueRequired":true,"valueName":"search_term_string"}}],"inLanguage":"pl-PL"},{"@type":"Organization","@id":"https:\/\/hornsund.igf.edu.pl\/#organization","name":"Polish Polar Station Hornsund","url":"https:\/\/hornsund.igf.edu.pl\/","logo":{"@type":"ImageObject","inLanguage":"pl-PL","@id":"https:\/\/hornsund.igf.edu.pl\/#\/schema\/logo\/image\/","url":"","contentUrl":"","caption":"Polish Polar Station Hornsund"},"image":{"@id":"https:\/\/hornsund.igf.edu.pl\/#\/schema\/logo\/image\/"}}]}},"_links":{"self":[{"href":"https:\/\/hornsund.igf.edu.pl\/index.php\/wp-json\/wp\/v2\/pages\/646102","targetHints":{"allow":["GET"]}}],"collection":[{"href":"https:\/\/hornsund.igf.edu.pl\/index.php\/wp-json\/wp\/v2\/pages"}],"about":[{"href":"https:\/\/hornsund.igf.edu.pl\/index.php\/wp-json\/wp\/v2\/types\/page"}],"author":[{"embeddable":true,"href":"https:\/\/hornsund.igf.edu.pl\/index.php\/wp-json\/wp\/v2\/users\/31"}],"replies":[{"embeddable":true,"href":"https:\/\/hornsund.igf.edu.pl\/index.php\/wp-json\/wp\/v2\/comments?post=646102"}],"version-history":[{"count":8,"href":"https:\/\/hornsund.igf.edu.pl\/index.php\/wp-json\/wp\/v2\/pages\/646102\/revisions"}],"predecessor-version":[{"id":646174,"href":"https:\/\/hornsund.igf.edu.pl\/index.php\/wp-json\/wp\/v2\/pages\/646102\/revisions\/646174"}],"wp:attachment":[{"href":"https:\/\/hornsund.igf.edu.pl\/index.php\/wp-json\/wp\/v2\/media?parent=646102"}],"curies":[{"name":"wp","href":"https:\/\/api.w.org\/{rel}","templated":true}]}}