{"id":577,"date":"2021-07-31T13:07:02","date_gmt":"2021-07-31T13:07:02","guid":{"rendered":"https:\/\/hornsund.igf.edu.pl\/?page_id=577"},"modified":"2024-07-03T14:08:11","modified_gmt":"2024-07-03T13:08:11","slug":"o-stacji","status":"publish","type":"page","link":"https:\/\/hornsund.igf.edu.pl\/index.php\/o-stacji\/","title":{"rendered":"O Stacji"},"content":{"rendered":"\n<p><strong>Polska Stacja Polarna Hornsund im. Stanis\u0142awa Siedleckiego<\/strong> znajduje si\u0119 nad zatok\u0105 Isbj\u00f8rnhamna w fiordzie Hornsund. Jest to po\u0142udniowa cz\u0119\u015b\u0107 wyspy Spitsbergen, kt\u00f3ra nale\u017cy do archipelagu Svalbard.<\/p>\n\n\n\n<p>Stacja prowadzi ca\u0142oroczny monitoring \u015brodowiskowy i jest najdalej wysuni\u0119t\u0105 na p\u00f3\u0142noc sta\u0142\u0105 polsk\u0105 instytucj\u0105 naukow\u0105.<\/p>\n\n\n\n<p>Stacja zarz\u0105dzana jest przez Instytut Geofizyki Polskiej Akademii Nauk w Warszawie.<\/p>\n\n\n<div class=\"wp-block-image is-style-default\">\n<figure class=\"aligncenter size-full\"><img loading=\"lazy\" decoding=\"async\" width=\"300\" height=\"275\" src=\"https:\/\/hornsund.igf.edu.pl\/wp-content\/uploads\/2022\/04\/hpornsund-mapa.png\" alt=\"hpornsund-mapa\" class=\"wp-image-1327\" srcset=\"https:\/\/hornsund.igf.edu.pl\/wp-content\/uploads\/2022\/04\/hpornsund-mapa.png 300w, https:\/\/hornsund.igf.edu.pl\/wp-content\/uploads\/2022\/04\/hpornsund-mapa-24x22.png 24w, https:\/\/hornsund.igf.edu.pl\/wp-content\/uploads\/2022\/04\/hpornsund-mapa-36x33.png 36w, https:\/\/hornsund.igf.edu.pl\/wp-content\/uploads\/2022\/04\/hpornsund-mapa-48x44.png 48w\" sizes=\"auto, (max-width: 300px) 100vw, 300px\" \/><\/figure><\/div>","protected":false},"excerpt":{"rendered":"<p>Polska Stacja Polarna Hornsund im. Stanis\u0142awa Siedleckiego znajduje si\u0119 nad zatok\u0105 Isbj\u00f8rnhamna w fiordzie Hornsund. Jest to po\u0142udniowa cz\u0119\u015b\u0107 wyspy Spitsbergen, kt\u00f3ra nale\u017cy do archipelagu Svalbard. Stacja prowadzi ca\u0142oroczny monitoring \u015brodowiskowy i jest najdalej wysuni\u0119t\u0105 na p\u00f3\u0142noc sta\u0142\u0105 polsk\u0105 instytucj\u0105 naukow\u0105. Stacja zarz\u0105dzana jest przez Instytut Geofizyki Polskiej Akademii Nauk w Warszawie.<\/p>\n","protected":false},"author":1,"featured_media":0,"parent":0,"menu_order":0,"comment_status":"closed","ping_status":"closed","template":"","meta":{"footnotes":""},"class_list":["post-577","page","type-page","status-publish","hentry"],"yoast_head":"<!-- This site is optimized with the Yoast SEO plugin v24.9 - https:\/\/yoast.com\/wordpress\/plugins\/seo\/ -->\n<title>O Stacji - Polish Polar Station Hornsund<\/title>\n<meta name=\"description\" content=\"Polska Stacja Polarna Hornsund im. Stanis\u0142awa Siedleckiego znajduje si\u0119 nad zatok\u0105 Isbj\u00f8rnhamna w fiordzie Hornsund. Jest to po\u0142udniowa cz\u0119\u015b\u0107 wyspy Spitsbergen, kt\u00f3ra nale\u017cy do archipelagu Svalbard. Stacja prowadzi ca\u0142oroczny monitoring \u015brodowiskowy i jest najdalej wysuni\u0119t\u0105 na p\u00f3\u0142noc sta\u0142\u0105 polsk\u0105 instytucj\u0105 naukow\u0105. Stacja zarz\u0105dzana jest przez Instytut Geofizyki Polskiej Akademii Nauk w Warszawie.\" \/>\n<meta name=\"robots\" content=\"index, follow, max-snippet:-1, max-image-preview:large, max-video-preview:-1\" \/>\n<link rel=\"canonical\" href=\"https:\/\/hornsund.igf.edu.pl\/index.php\/o-stacji\/\" \/>\n<meta property=\"og:locale\" content=\"pl_PL\" \/>\n<meta property=\"og:type\" content=\"article\" \/>\n<meta property=\"og:title\" content=\"O Stacji - Polish Polar Station Hornsund\" \/>\n<meta property=\"og:description\" content=\"Polska Stacja Polarna Hornsund im. Stanis\u0142awa Siedleckiego znajduje si\u0119 nad zatok\u0105 Isbj\u00f8rnhamna w fiordzie Hornsund. Jest to po\u0142udniowa cz\u0119\u015b\u0107 wyspy Spitsbergen, kt\u00f3ra nale\u017cy do archipelagu Svalbard. Stacja prowadzi ca\u0142oroczny monitoring \u015brodowiskowy i jest najdalej wysuni\u0119t\u0105 na p\u00f3\u0142noc sta\u0142\u0105 polsk\u0105 instytucj\u0105 naukow\u0105. Stacja zarz\u0105dzana jest przez Instytut Geofizyki Polskiej Akademii Nauk w Warszawie.\" \/>\n<meta property=\"og:url\" content=\"https:\/\/hornsund.igf.edu.pl\/index.php\/o-stacji\/\" \/>\n<meta property=\"og:site_name\" content=\"Polish Polar Station Hornsund\" \/>\n<meta property=\"article:modified_time\" content=\"2024-07-03T13:08:11+00:00\" \/>\n<meta property=\"og:image\" content=\"https:\/\/hornsund.igf.edu.pl\/wp-content\/uploads\/2022\/04\/hpornsund-mapa.png\" \/>\n<meta name=\"twitter:card\" content=\"summary_large_image\" \/>\n<meta name=\"twitter:label1\" content=\"Szacowany czas czytania\" \/>\n\t<meta name=\"twitter:data1\" content=\"1 minuta\" \/>\n<script type=\"application\/ld+json\" class=\"yoast-schema-graph\">{\"@context\":\"https:\/\/schema.org\",\"@graph\":[{\"@type\":\"WebPage\",\"@id\":\"https:\/\/hornsund.igf.edu.pl\/index.php\/o-stacji\/\",\"url\":\"https:\/\/hornsund.igf.edu.pl\/index.php\/o-stacji\/\",\"name\":\"O Stacji - Polish Polar Station Hornsund\",\"isPartOf\":{\"@id\":\"https:\/\/hornsund.igf.edu.pl\/#website\"},\"primaryImageOfPage\":{\"@id\":\"https:\/\/hornsund.igf.edu.pl\/index.php\/o-stacji\/#primaryimage\"},\"image\":{\"@id\":\"https:\/\/hornsund.igf.edu.pl\/index.php\/o-stacji\/#primaryimage\"},\"thumbnailUrl\":\"https:\/\/hornsund.igf.edu.pl\/wp-content\/uploads\/2022\/04\/hpornsund-mapa.png\",\"datePublished\":\"2021-07-31T13:07:02+00:00\",\"dateModified\":\"2024-07-03T13:08:11+00:00\",\"description\":\"Polska Stacja Polarna Hornsund im. Stanis\u0142awa Siedleckiego znajduje si\u0119 nad zatok\u0105 Isbj\u00f8rnhamna w fiordzie Hornsund. Jest to po\u0142udniowa cz\u0119\u015b\u0107 wyspy Spitsbergen, kt\u00f3ra nale\u017cy do archipelagu Svalbard. Stacja prowadzi ca\u0142oroczny monitoring \u015brodowiskowy i jest najdalej wysuni\u0119t\u0105 na p\u00f3\u0142noc sta\u0142\u0105 polsk\u0105 instytucj\u0105 naukow\u0105. Stacja zarz\u0105dzana jest przez Instytut Geofizyki Polskiej Akademii Nauk w Warszawie.\",\"breadcrumb\":{\"@id\":\"https:\/\/hornsund.igf.edu.pl\/index.php\/o-stacji\/#breadcrumb\"},\"inLanguage\":\"pl-PL\",\"potentialAction\":[{\"@type\":\"ReadAction\",\"target\":[\"https:\/\/hornsund.igf.edu.pl\/index.php\/o-stacji\/\"]}]},{\"@type\":\"ImageObject\",\"inLanguage\":\"pl-PL\",\"@id\":\"https:\/\/hornsund.igf.edu.pl\/index.php\/o-stacji\/#primaryimage\",\"url\":\"https:\/\/hornsund.igf.edu.pl\/wp-content\/uploads\/2022\/04\/hpornsund-mapa.png\",\"contentUrl\":\"https:\/\/hornsund.igf.edu.pl\/wp-content\/uploads\/2022\/04\/hpornsund-mapa.png\",\"width\":300,\"height\":275},{\"@type\":\"BreadcrumbList\",\"@id\":\"https:\/\/hornsund.igf.edu.pl\/index.php\/o-stacji\/#breadcrumb\",\"itemListElement\":[{\"@type\":\"ListItem\",\"position\":1,\"name\":\"Strona g\u0142\u00f3wna\",\"item\":\"https:\/\/hornsund.igf.edu.pl\/\"},{\"@type\":\"ListItem\",\"position\":2,\"name\":\"O Stacji\"}]},{\"@type\":\"WebSite\",\"@id\":\"https:\/\/hornsund.igf.edu.pl\/#website\",\"url\":\"https:\/\/hornsund.igf.edu.pl\/\",\"name\":\"Polish Polar Station Hornsund\",\"description\":\"Hornsund\",\"publisher\":{\"@id\":\"https:\/\/hornsund.igf.edu.pl\/#organization\"},\"potentialAction\":[{\"@type\":\"SearchAction\",\"target\":{\"@type\":\"EntryPoint\",\"urlTemplate\":\"https:\/\/hornsund.igf.edu.pl\/?s={search_term_string}\"},\"query-input\":{\"@type\":\"PropertyValueSpecification\",\"valueRequired\":true,\"valueName\":\"search_term_string\"}}],\"inLanguage\":\"pl-PL\"},{\"@type\":\"Organization\",\"@id\":\"https:\/\/hornsund.igf.edu.pl\/#organization\",\"name\":\"Polish Polar Station Hornsund\",\"url\":\"https:\/\/hornsund.igf.edu.pl\/\",\"logo\":{\"@type\":\"ImageObject\",\"inLanguage\":\"pl-PL\",\"@id\":\"https:\/\/hornsund.igf.edu.pl\/#\/schema\/logo\/image\/\",\"url\":\"\",\"contentUrl\":\"\",\"caption\":\"Polish Polar Station Hornsund\"},\"image\":{\"@id\":\"https:\/\/hornsund.igf.edu.pl\/#\/schema\/logo\/image\/\"}}]}<\/script>\n<!-- \/ Yoast SEO plugin. -->","yoast_head_json":{"title":"O Stacji - Polish Polar Station Hornsund","description":"Polska Stacja Polarna Hornsund im. Stanis\u0142awa Siedleckiego znajduje si\u0119 nad zatok\u0105 Isbj\u00f8rnhamna w fiordzie Hornsund. Jest to po\u0142udniowa cz\u0119\u015b\u0107 wyspy Spitsbergen, kt\u00f3ra nale\u017cy do archipelagu Svalbard. Stacja prowadzi ca\u0142oroczny monitoring \u015brodowiskowy i jest najdalej wysuni\u0119t\u0105 na p\u00f3\u0142noc sta\u0142\u0105 polsk\u0105 instytucj\u0105 naukow\u0105. Stacja zarz\u0105dzana jest przez Instytut Geofizyki Polskiej Akademii Nauk w Warszawie.","robots":{"index":"index","follow":"follow","max-snippet":"max-snippet:-1","max-image-preview":"max-image-preview:large","max-video-preview":"max-video-preview:-1"},"canonical":"https:\/\/hornsund.igf.edu.pl\/index.php\/o-stacji\/","og_locale":"pl_PL","og_type":"article","og_title":"O Stacji - Polish Polar Station Hornsund","og_description":"Polska Stacja Polarna Hornsund im. Stanis\u0142awa Siedleckiego znajduje si\u0119 nad zatok\u0105 Isbj\u00f8rnhamna w fiordzie Hornsund. Jest to po\u0142udniowa cz\u0119\u015b\u0107 wyspy Spitsbergen, kt\u00f3ra nale\u017cy do archipelagu Svalbard. Stacja prowadzi ca\u0142oroczny monitoring \u015brodowiskowy i jest najdalej wysuni\u0119t\u0105 na p\u00f3\u0142noc sta\u0142\u0105 polsk\u0105 instytucj\u0105 naukow\u0105. Stacja zarz\u0105dzana jest przez Instytut Geofizyki Polskiej Akademii Nauk w Warszawie.","og_url":"https:\/\/hornsund.igf.edu.pl\/index.php\/o-stacji\/","og_site_name":"Polish Polar Station Hornsund","article_modified_time":"2024-07-03T13:08:11+00:00","og_image":[{"url":"https:\/\/hornsund.igf.edu.pl\/wp-content\/uploads\/2022\/04\/hpornsund-mapa.png","type":"","width":"","height":""}],"twitter_card":"summary_large_image","twitter_misc":{"Szacowany czas czytania":"1 minuta"},"schema":{"@context":"https:\/\/schema.org","@graph":[{"@type":"WebPage","@id":"https:\/\/hornsund.igf.edu.pl\/index.php\/o-stacji\/","url":"https:\/\/hornsund.igf.edu.pl\/index.php\/o-stacji\/","name":"O Stacji - Polish Polar Station Hornsund","isPartOf":{"@id":"https:\/\/hornsund.igf.edu.pl\/#website"},"primaryImageOfPage":{"@id":"https:\/\/hornsund.igf.edu.pl\/index.php\/o-stacji\/#primaryimage"},"image":{"@id":"https:\/\/hornsund.igf.edu.pl\/index.php\/o-stacji\/#primaryimage"},"thumbnailUrl":"https:\/\/hornsund.igf.edu.pl\/wp-content\/uploads\/2022\/04\/hpornsund-mapa.png","datePublished":"2021-07-31T13:07:02+00:00","dateModified":"2024-07-03T13:08:11+00:00","description":"Polska Stacja Polarna Hornsund im. Stanis\u0142awa Siedleckiego znajduje si\u0119 nad zatok\u0105 Isbj\u00f8rnhamna w fiordzie Hornsund. Jest to po\u0142udniowa cz\u0119\u015b\u0107 wyspy Spitsbergen, kt\u00f3ra nale\u017cy do archipelagu Svalbard. Stacja prowadzi ca\u0142oroczny monitoring \u015brodowiskowy i jest najdalej wysuni\u0119t\u0105 na p\u00f3\u0142noc sta\u0142\u0105 polsk\u0105 instytucj\u0105 naukow\u0105. Stacja zarz\u0105dzana jest przez Instytut Geofizyki Polskiej Akademii Nauk w Warszawie.","breadcrumb":{"@id":"https:\/\/hornsund.igf.edu.pl\/index.php\/o-stacji\/#breadcrumb"},"inLanguage":"pl-PL","potentialAction":[{"@type":"ReadAction","target":["https:\/\/hornsund.igf.edu.pl\/index.php\/o-stacji\/"]}]},{"@type":"ImageObject","inLanguage":"pl-PL","@id":"https:\/\/hornsund.igf.edu.pl\/index.php\/o-stacji\/#primaryimage","url":"https:\/\/hornsund.igf.edu.pl\/wp-content\/uploads\/2022\/04\/hpornsund-mapa.png","contentUrl":"https:\/\/hornsund.igf.edu.pl\/wp-content\/uploads\/2022\/04\/hpornsund-mapa.png","width":300,"height":275},{"@type":"BreadcrumbList","@id":"https:\/\/hornsund.igf.edu.pl\/index.php\/o-stacji\/#breadcrumb","itemListElement":[{"@type":"ListItem","position":1,"name":"Strona g\u0142\u00f3wna","item":"https:\/\/hornsund.igf.edu.pl\/"},{"@type":"ListItem","position":2,"name":"O Stacji"}]},{"@type":"WebSite","@id":"https:\/\/hornsund.igf.edu.pl\/#website","url":"https:\/\/hornsund.igf.edu.pl\/","name":"Polish Polar Station Hornsund","description":"Hornsund","publisher":{"@id":"https:\/\/hornsund.igf.edu.pl\/#organization"},"potentialAction":[{"@type":"SearchAction","target":{"@type":"EntryPoint","urlTemplate":"https:\/\/hornsund.igf.edu.pl\/?s={search_term_string}"},"query-input":{"@type":"PropertyValueSpecification","valueRequired":true,"valueName":"search_term_string"}}],"inLanguage":"pl-PL"},{"@type":"Organization","@id":"https:\/\/hornsund.igf.edu.pl\/#organization","name":"Polish Polar Station Hornsund","url":"https:\/\/hornsund.igf.edu.pl\/","logo":{"@type":"ImageObject","inLanguage":"pl-PL","@id":"https:\/\/hornsund.igf.edu.pl\/#\/schema\/logo\/image\/","url":"","contentUrl":"","caption":"Polish Polar Station Hornsund"},"image":{"@id":"https:\/\/hornsund.igf.edu.pl\/#\/schema\/logo\/image\/"}}]}},"_links":{"self":[{"href":"https:\/\/hornsund.igf.edu.pl\/index.php\/wp-json\/wp\/v2\/pages\/577","targetHints":{"allow":["GET"]}}],"collection":[{"href":"https:\/\/hornsund.igf.edu.pl\/index.php\/wp-json\/wp\/v2\/pages"}],"about":[{"href":"https:\/\/hornsund.igf.edu.pl\/index.php\/wp-json\/wp\/v2\/types\/page"}],"author":[{"embeddable":true,"href":"https:\/\/hornsund.igf.edu.pl\/index.php\/wp-json\/wp\/v2\/users\/1"}],"replies":[{"embeddable":true,"href":"https:\/\/hornsund.igf.edu.pl\/index.php\/wp-json\/wp\/v2\/comments?post=577"}],"version-history":[{"count":10,"href":"https:\/\/hornsund.igf.edu.pl\/index.php\/wp-json\/wp\/v2\/pages\/577\/revisions"}],"predecessor-version":[{"id":123406,"href":"https:\/\/hornsund.igf.edu.pl\/index.php\/wp-json\/wp\/v2\/pages\/577\/revisions\/123406"}],"wp:attachment":[{"href":"https:\/\/hornsund.igf.edu.pl\/index.php\/wp-json\/wp\/v2\/media?parent=577"}],"curies":[{"name":"wp","href":"https:\/\/api.w.org\/{rel}","templated":true}]}}